{"id":3450,"date":"2019-07-23T00:22:19","date_gmt":"2019-07-23T00:22:19","guid":{"rendered":"http:\/\/www.acuarelatourperu.com\/?page_id=3450"},"modified":"2019-12-20T15:26:08","modified_gmt":"2019-12-20T15:26:08","slug":"camino-inca","status":"publish","type":"page","link":"https:\/\/acuarelatourperu.com\/fr\/camino-inca\/","title":{"rendered":"CAMINO INCA"},"content":{"rendered":"[vc_row][vc_column][vc_column_text]\n<h1 style=\"text-align: center;\"><span style=\"color: #02aea9;\"> CHEMIN INCA<\/span><\/h1>\n<p>\u2022 \u00a0<strong>Dur\u00e9e: <\/strong>4 jours<\/p>\n<p>Il est consid\u00e9r\u00e9 comme l&rsquo;un des plus beaux itin\u00e9raires d&rsquo;Am\u00e9rique du Sud, chaque ann\u00e9e des milliers de randonneurs du monde entier vivent une exp\u00e9rience inoubliable. Pour certains, c&rsquo;est un rite d&rsquo;initiation spirituelle, pour d&rsquo;autres, c&rsquo;est simplement une aventure, un d\u00e9fi ou une grande th\u00e9rapie au long des 43 kilom\u00e8tres. Au fil des jours, le moment tant attendu arrive au dela de la Puerta del Sol (\u201cporte du soleil\u201d), le Machu Picchu au loin. Ce voyage dans le temps sera le clou du spectacle.<br \/>\n[\/vc_column_text][vc_row_inner gap=\u00a0\u00bb5&Prime;][vc_column_inner offset=\u00a0\u00bbvc_hidden-lg vc_hidden-md vc_hidden-sm\u00a0\u00bb][vc_gallery type=\u00a0\u00bbimage_grid\u00a0\u00bb images=\u00a0\u00bb4229,3462,4230,3459,3454,4227,3452,4226,3455,3456,3458,4231,4228,3457,3461,3460&Prime; img_size=\u00a0\u00bbmedium\u00a0\u00bb onclick=\u00a0\u00bbcustom_link\u00a0\u00bb css_animation=\u00a0\u00bbfadeIn\u00a0\u00bb][\/vc_column_inner][\/vc_row_inner][\/vc_column][\/vc_row][vc_row][vc_column offset=\u00a0\u00bbvc_hidden-xs\u00a0\u00bb][vc_media_grid element_width=\u00a0\u00bb2&Prime; grid_id=\u00a0\u00bbvc_gid:1576855378131-61c66c09-78bc-0&Prime; include=\u00a0\u00bb3456,3452,4229,3459,4230,3454,4227,3455,3457,4228,3458,3460,4231,3461,3462,4226&Prime;][\/vc_column][\/vc_row][vc_row content_placement=\u00a0\u00bbmiddle\u00a0\u00bb][vc_column][vc_btn title=\u00a0\u00bbCOTIZAR\u00a0\u00bb color=\u00a0\u00bbdanger\u00a0\u00bb align=\u00a0\u00bbcenter\u00a0\u00bb css_animation=\u00a0\u00bbzoomInRight\u00a0\u00bb link=\u00a0\u00bburl:http%3A%2F%2Fbit.ly%2FAcuarelaTourPeru|||\u00a0\u00bb][\/vc_column][\/vc_row]","protected":false},"excerpt":{"rendered":"<p>[vc_row][vc_column][vc_column_text] CHEMIN INCA \u2022 \u00a0Dur\u00e9e: 4 jours Il est consid\u00e9r\u00e9 comme l&rsquo;un des plus beaux itin\u00e9raires d&rsquo;Am\u00e9rique du Sud, chaque ann\u00e9e des milliers de randonneurs du monde entier vivent une&#8230;<\/p>\n","protected":false},"author":1,"featured_media":0,"parent":0,"menu_order":0,"comment_status":"closed","ping_status":"closed","template":"","meta":{"_acf_changed":false,"footnotes":""},"class_list":["post-3450","page","type-page","status-publish","hentry"],"acf":[],"_links":{"self":[{"href":"https:\/\/acuarelatourperu.com\/fr\/wp-json\/wp\/v2\/pages\/3450","targetHints":{"allow":["GET"]}}],"collection":[{"href":"https:\/\/acuarelatourperu.com\/fr\/wp-json\/wp\/v2\/pages"}],"about":[{"href":"https:\/\/acuarelatourperu.com\/fr\/wp-json\/wp\/v2\/types\/page"}],"author":[{"embeddable":true,"href":"https:\/\/acuarelatourperu.com\/fr\/wp-json\/wp\/v2\/users\/1"}],"replies":[{"embeddable":true,"href":"https:\/\/acuarelatourperu.com\/fr\/wp-json\/wp\/v2\/comments?post=3450"}],"version-history":[{"count":6,"href":"https:\/\/acuarelatourperu.com\/fr\/wp-json\/wp\/v2\/pages\/3450\/revisions"}],"predecessor-version":[{"id":4636,"href":"https:\/\/acuarelatourperu.com\/fr\/wp-json\/wp\/v2\/pages\/3450\/revisions\/4636"}],"wp:attachment":[{"href":"https:\/\/acuarelatourperu.com\/fr\/wp-json\/wp\/v2\/media?parent=3450"}],"curies":[{"name":"wp","href":"https:\/\/api.w.org\/{rel}","templated":true}]}}