{"id":3467,"date":"2019-07-23T00:47:46","date_gmt":"2019-07-23T00:47:46","guid":{"rendered":"http:\/\/www.acuarelatourperu.com\/?page_id=3467"},"modified":"2019-12-20T15:22:00","modified_gmt":"2019-12-20T15:22:00","slug":"cusco-hurquillos-machu-picchu","status":"publish","type":"page","link":"https:\/\/acuarelatourperu.com\/fr\/cusco-hurquillos-machu-picchu\/","title":{"rendered":"CUSCO\/ HURQUILLOS\/ MACHU PICCHU"},"content":{"rendered":"[vc_row][vc_column][vc_column_text]\n<h1 style=\"text-align: center;\"><span style=\"color: #02aea9;\">CUSCO\/ HURQUILLOS\/ MACHU PICCHU<\/span><\/h1>\n<p>\u2022 \u00a0<strong>Dur\u00e9e: <\/strong>2 jours<\/p>\n<p><strong> 1er JOUR &#8211; CUSCO\/ SAQSAYHUAMAN\/ CHINCHERO\/ AGUAS CALIENTES<\/strong><\/p>\n<p>Cette journ\u00e9e commence \u00e0 7h par la visite du site arch\u00e9ologique de Saqsayhuaman, inexplicable ing\u00e9nierie de l&rsquo;\u00e8re pr\u00e9-hispanique. Puis \u00e0 la ville de Chincheros, o\u00f9 la communaut\u00e9 des tisserands fera la d\u00e9monstration de la teinture et du tissage artisanal comme il y a des si\u00e8cles dans notre histoire. Et maintenant c&rsquo;est le moment de marcher le long d&rsquo;un vieux chemin Inca \u00ab\u00a0Hurquillos\u00a0\u00bb, un chemin peu fr\u00e9quent\u00e9 par les touristes, un paysage entre les montagnes. Apr\u00e8s un tour de 4 heures, vous aurez atteint la communaut\u00e9 de Hurquillos qui fait partie de la vall\u00e9e sacr\u00e9e d&rsquo;Urubamba. Le transport vous prendra en charge pour le transfert jusqu&rsquo;\u00e0 la gare d&rsquo;Ollantaytambo et continuera jusqu&rsquo;\u00e0 Aguas Calientes.<br \/>\nNuit \u00e0 l&rsquo;h\u00f4tel.<\/p>\n<p><strong> 2e JOUR &#8211; MACHU PICCHU\/ CUSCO <\/strong><\/p>\n<p>Peut-\u00eatre le jour le plus attendu est arriv\u00e9, votre tour commence t\u00f4t le matin en bus \u00e0 l&rsquo;un des sites arch\u00e9ologiques les plus importants, le Machu Picchu, la cit\u00e9 perdue des incas aujourd&rsquo;hui consid\u00e9r\u00e9e comme l&rsquo;une des 7 merveilles du monde. Apr\u00e8s cette incroyable d\u00e9couverte, il ser\u00e1 temps de retourner \u00e0 Aguas Calientes pour le d\u00e9jeuner et finalement retourner \u00e0 Cusco.<\/p>\n<p>Nuit \u00e0 l&rsquo;h\u00f4tel.<\/p>\n<p>Comprend: Transport priv\u00e9, h\u00f4tel, guide, trekking, d\u00e9jeuner, train (aller-retour), billets de Machupicchu, bus pour monter et descendre Machu Picchu, transfert et nuit \u00e0 Cusco.[\/vc_column_text][vc_row_inner gap=\u00a0\u00bb5&Prime;][vc_column_inner offset=\u00a0\u00bbvc_hidden-lg vc_hidden-md vc_hidden-sm\u00a0\u00bb][vc_gallery type=\u00a0\u00bbimage_grid\u00a0\u00bb images=\u00a0\u00bb2699,4220,3473,3469,4221,3472,4219,3471,4218,3470,4224,4223&Prime; img_size=\u00a0\u00bbmedium\u00a0\u00bb onclick=\u00a0\u00bbcustom_link\u00a0\u00bb css_animation=\u00a0\u00bbfadeIn\u00a0\u00bb][\/vc_column_inner][\/vc_row_inner][\/vc_column][\/vc_row][vc_row][vc_column offset=\u00a0\u00bbvc_hidden-xs\u00a0\u00bb][vc_media_grid element_width=\u00a0\u00bb2&Prime; grid_id=\u00a0\u00bbvc_gid:1576855259825-82115fa9-ef64-6&Prime; include=\u00a0\u00bb3469,4220,2699,4219,3470,4221,3471,3472,3473,4218,4223,4224&Prime;][\/vc_column][\/vc_row][vc_row content_placement=\u00a0\u00bbmiddle\u00a0\u00bb][vc_column][vc_btn title=\u00a0\u00bbCOTIZAR\u00a0\u00bb color=\u00a0\u00bbdanger\u00a0\u00bb align=\u00a0\u00bbcenter\u00a0\u00bb css_animation=\u00a0\u00bbzoomInRight\u00a0\u00bb link=\u00a0\u00bburl:http%3A%2F%2Fbit.ly%2FAcuarelaTourPeru|||\u00a0\u00bb][\/vc_column][\/vc_row]","protected":false},"excerpt":{"rendered":"<p>[vc_row][vc_column][vc_column_text] CUSCO\/ HURQUILLOS\/ MACHU PICCHU \u2022 \u00a0Dur\u00e9e: 2 jours 1er JOUR &#8211; CUSCO\/ SAQSAYHUAMAN\/ CHINCHERO\/ AGUAS CALIENTES Cette journ\u00e9e commence \u00e0 7h par la visite du site arch\u00e9ologique de Saqsayhuaman,&#8230;<\/p>\n","protected":false},"author":1,"featured_media":0,"parent":0,"menu_order":0,"comment_status":"closed","ping_status":"closed","template":"","meta":{"_acf_changed":false,"footnotes":""},"class_list":["post-3467","page","type-page","status-publish","hentry"],"acf":[],"_links":{"self":[{"href":"https:\/\/acuarelatourperu.com\/fr\/wp-json\/wp\/v2\/pages\/3467","targetHints":{"allow":["GET"]}}],"collection":[{"href":"https:\/\/acuarelatourperu.com\/fr\/wp-json\/wp\/v2\/pages"}],"about":[{"href":"https:\/\/acuarelatourperu.com\/fr\/wp-json\/wp\/v2\/types\/page"}],"author":[{"embeddable":true,"href":"https:\/\/acuarelatourperu.com\/fr\/wp-json\/wp\/v2\/users\/1"}],"replies":[{"embeddable":true,"href":"https:\/\/acuarelatourperu.com\/fr\/wp-json\/wp\/v2\/comments?post=3467"}],"version-history":[{"count":7,"href":"https:\/\/acuarelatourperu.com\/fr\/wp-json\/wp\/v2\/pages\/3467\/revisions"}],"predecessor-version":[{"id":4635,"href":"https:\/\/acuarelatourperu.com\/fr\/wp-json\/wp\/v2\/pages\/3467\/revisions\/4635"}],"wp:attachment":[{"href":"https:\/\/acuarelatourperu.com\/fr\/wp-json\/wp\/v2\/media?parent=3467"}],"curies":[{"name":"wp","href":"https:\/\/api.w.org\/{rel}","templated":true}]}}