{"id":3481,"date":"2019-07-23T01:20:15","date_gmt":"2019-07-23T01:20:15","guid":{"rendered":"http:\/\/www.acuarelatourperu.com\/?page_id=3481"},"modified":"2019-12-20T15:19:32","modified_gmt":"2019-12-20T15:19:32","slug":"caminata-por-el-sur-de-salkantay-con-machupicchu","status":"publish","type":"page","link":"https:\/\/acuarelatourperu.com\/fr\/caminata-por-el-sur-de-salkantay-con-machupicchu\/","title":{"rendered":"CAMINATA POR EL SUR DE SALKANTAY CON MACHUPICCHU"},"content":{"rendered":"[vc_row][vc_column][vc_column_text]\n<h1 style=\"text-align: center;\"><span style=\"color: #02aea9;\"> PROMENADE DANS LE SUD DU SALKANTAY AVEC MACHU PICCHU <\/span><\/h1>\n<p>\u2022 \u00a0<strong>Dur\u00e9e: <\/strong>5 jours<\/p>\n<p>C&rsquo;est notre randonn\u00e9e con\u00e7ue avec Machu Picchu comme dernier arr\u00eat, superbe alternative \u00e0 la randonn\u00e9e classique du Salkantay. Nous vous invitons \u00e0 vous \u00e9loigner de la foule et \u00e0 d\u00e9couvrir la face sud de cette montagne spectaculaire, en vous promenant \u00e0 travers les derni\u00e8res communaut\u00e9s andines qui ont encore leur connaissances anciennes, et qui n\u2019ont presque pas pu \u00eatre colonis\u00e9es \u00e0 cause de leur inaccessibilit\u00e9.<\/p>\n<p>Nous traverserons \u00e9galement des vall\u00e9es recul\u00e9es et verrons des bergers s&rsquo;occuper de leur b\u00e9tail.<\/p>\n<p>Cette promenade est vraiment hors sentiers battus, le paysage spectaculaire, compl\u00e9t\u00e9 par le fameux Chemin Inca du Machu Picchu.<br \/>\n[\/vc_column_text][vc_row_inner gap=\u00a0\u00bb5&Prime;][vc_column_inner offset=\u00a0\u00bbvc_hidden-lg vc_hidden-md vc_hidden-sm\u00a0\u00bb][vc_gallery type=\u00a0\u00bbimage_grid\u00a0\u00bb images=\u00a0\u00bb2535,4214,3486,3488,3489,3484,3487,3483,4213,3485&Prime; img_size=\u00a0\u00bbmedium\u00a0\u00bb onclick=\u00a0\u00bbcustom_link\u00a0\u00bb css_animation=\u00a0\u00bbfadeIn\u00a0\u00bb][\/vc_column_inner][\/vc_row_inner][\/vc_column][\/vc_row][vc_row][vc_column offset=\u00a0\u00bbvc_hidden-xs\u00a0\u00bb][vc_media_grid element_width=\u00a0\u00bb2&Prime; grid_id=\u00a0\u00bbvc_gid:1576855128291-ea7fb3b5-6807-0&Prime; include=\u00a0\u00bb2535,4214,3486,3488,4213,3484,3483,3487,3489,3485&Prime;][\/vc_column][\/vc_row][vc_row content_placement=\u00a0\u00bbmiddle\u00a0\u00bb][vc_column][vc_btn title=\u00a0\u00bbCOTIZAR\u00a0\u00bb color=\u00a0\u00bbdanger\u00a0\u00bb align=\u00a0\u00bbcenter\u00a0\u00bb css_animation=\u00a0\u00bbzoomInRight\u00a0\u00bb link=\u00a0\u00bburl:http%3A%2F%2Fbit.ly%2FAcuarelaTourPeru|||\u00a0\u00bb][\/vc_column][\/vc_row]","protected":false},"excerpt":{"rendered":"<p>[vc_row][vc_column][vc_column_text] PROMENADE DANS LE SUD DU SALKANTAY AVEC MACHU PICCHU \u2022 \u00a0Dur\u00e9e: 5 jours C&rsquo;est notre randonn\u00e9e con\u00e7ue avec Machu Picchu comme dernier arr\u00eat, superbe alternative \u00e0 la randonn\u00e9e classique&#8230;<\/p>\n","protected":false},"author":1,"featured_media":0,"parent":0,"menu_order":0,"comment_status":"closed","ping_status":"closed","template":"","meta":{"_acf_changed":false,"footnotes":""},"class_list":["post-3481","page","type-page","status-publish","hentry"],"acf":[],"_links":{"self":[{"href":"https:\/\/acuarelatourperu.com\/fr\/wp-json\/wp\/v2\/pages\/3481","targetHints":{"allow":["GET"]}}],"collection":[{"href":"https:\/\/acuarelatourperu.com\/fr\/wp-json\/wp\/v2\/pages"}],"about":[{"href":"https:\/\/acuarelatourperu.com\/fr\/wp-json\/wp\/v2\/types\/page"}],"author":[{"embeddable":true,"href":"https:\/\/acuarelatourperu.com\/fr\/wp-json\/wp\/v2\/users\/1"}],"replies":[{"embeddable":true,"href":"https:\/\/acuarelatourperu.com\/fr\/wp-json\/wp\/v2\/comments?post=3481"}],"version-history":[{"count":6,"href":"https:\/\/acuarelatourperu.com\/fr\/wp-json\/wp\/v2\/pages\/3481\/revisions"}],"predecessor-version":[{"id":4634,"href":"https:\/\/acuarelatourperu.com\/fr\/wp-json\/wp\/v2\/pages\/3481\/revisions\/4634"}],"wp:attachment":[{"href":"https:\/\/acuarelatourperu.com\/fr\/wp-json\/wp\/v2\/media?parent=3481"}],"curies":[{"name":"wp","href":"https:\/\/api.w.org\/{rel}","templated":true}]}}