{"id":3494,"date":"2019-07-23T01:43:36","date_gmt":"2019-07-23T01:43:36","guid":{"rendered":"http:\/\/www.acuarelatourperu.com\/?page_id=3494"},"modified":"2019-12-20T15:16:40","modified_gmt":"2019-12-20T15:16:40","slug":"camino-inca-2-dias","status":"publish","type":"page","link":"https:\/\/acuarelatourperu.com\/fr\/camino-inca-2-dias\/","title":{"rendered":"CAMINO INCA 2 D\u00cdAS"},"content":{"rendered":"[vc_row][vc_column][vc_column_text]\n<h1 style=\"text-align: center;\"><span style=\"color: #02aea9;\"> Chemin de l&rsquo;Inca <\/span><\/h1>\n<p>\u2022 \u00a0<strong>Dur\u00e9e: <\/strong>2 jours<\/p>\n<p><strong> 1er JOUR &#8211; Marche Kilom\u00e8tre 104 en direction du Machu Picchu<\/strong><\/p>\n<p>Le transfert \u00e0 la gare d&rsquo;Ollantaytambo se fait tr\u00e8s t\u00f4t au kilom\u00e8tre 104, vous traverserez la rivi\u00e8re pour atteindre le point de contr\u00f4le et commencer le Chemin de l&rsquo;Inca. Puis nous visiterons le site arch\u00e9ologique de Chachabamba, pour nous diriger progressivement \u00e0 travers la for\u00eat de nuages vers la belle place de Wi\u00f1aywayna, en montant les anciennes marches des incas, vous aurez l&rsquo;occasion d&rsquo;explorer les belles terrasses de culture, les sources d&rsquo;eau et une vue imprenable. Apr\u00e8s avoir profit\u00e9 des ruines et d&rsquo;un agr\u00e9able pique-nique, vous continuerez votre chemin \u00e0 pied. Et soudain vous arriverez \u00e0 Inti Punko, \u00ab\u00a0Puerta del Sol\u00a0\u00bb, derri\u00e8re lequel se dressera le magnifique Machu Picchu. Apr\u00e8s l\u2019effort, le r\u00e9confort! Vous prendrez ensuite le bus qui vous emm\u00e8nera pendant 30 minutes jusqu&rsquo;\u00e0 la ville d&rsquo;Aguas Calientes o\u00f9 se trouve votre hotel, et o\u00f9 une bonne douche chaude vous attendra. Fin de la journ\u00e9e. Nuit \u00e0 l&rsquo;h\u00f4tel.<\/p>\n<p><strong> 2eme JOUR &#8211; Visite du Machu Picchu <\/strong><\/p>\n<p>Apr\u00e8s une bonne nuit \u00e0 l&rsquo;h\u00f4tel, vous remonterez en bus au Machu Picchu pour explorer et en apprendre plus sur son histoire de la part du guide professionnel. En option, vous pourrez visiter le pont inca s&rsquo;il vous reste encore un peu d\u2019\u00e9nergie! Enfin vous retournez en bus au village puis \u00e0 la gare. En passant par la Vall\u00e9e Sacr\u00e9e, vous atteindrez enfin la ville de Cusco. Nuit \u00e0 l&rsquo;h\u00f4tel.<\/p>\n<p>Comprend: Transport priv\u00e9, h\u00f4tel, guide, trekking, d\u00e9jeuner, train (aller-retour), billets de Machu Picchu, bus pour monter et descendre au Machu Picchu, transfert et nuit \u00e0 Cusco.[\/vc_column_text][vc_row_inner gap=\u00a0\u00bb5&Prime;][vc_column_inner offset=\u00a0\u00bbvc_hidden-lg vc_hidden-md vc_hidden-sm\u00a0\u00bb][vc_gallery type=\u00a0\u00bbimage_grid\u00a0\u00bb images=\u00a0\u00bb3496,3502,3501,3500,3499,3498,3497,4205,4211,4210,4208,4209&Prime; img_size=\u00a0\u00bbmedium\u00a0\u00bb onclick=\u00a0\u00bbcustom_link\u00a0\u00bb css_animation=\u00a0\u00bbfadeIn\u00a0\u00bb][\/vc_column_inner][\/vc_row_inner][\/vc_column][\/vc_row][vc_row][vc_column offset=\u00a0\u00bbvc_hidden-xs\u00a0\u00bb][vc_media_grid element_width=\u00a0\u00bb2&Prime; grid_id=\u00a0\u00bbvc_gid:1576854916056-f84f4b3f-83c2-7&Prime; include=\u00a0\u00bb3496,3497,3498,3499,3500,3501,3502,4205,4208,4209,4210,4211&Prime;][\/vc_column][\/vc_row][vc_row content_placement=\u00a0\u00bbmiddle\u00a0\u00bb][vc_column][vc_btn title=\u00a0\u00bbCOTIZAR\u00a0\u00bb color=\u00a0\u00bbdanger\u00a0\u00bb align=\u00a0\u00bbcenter\u00a0\u00bb css_animation=\u00a0\u00bbzoomInRight\u00a0\u00bb link=\u00a0\u00bburl:http%3A%2F%2Fbit.ly%2FAcuarelaTourPeru|||\u00a0\u00bb][\/vc_column][\/vc_row]","protected":false},"excerpt":{"rendered":"<p>[vc_row][vc_column][vc_column_text] Chemin de l&rsquo;Inca \u2022 \u00a0Dur\u00e9e: 2 jours 1er JOUR &#8211; Marche Kilom\u00e8tre 104 en direction du Machu Picchu Le transfert \u00e0 la gare d&rsquo;Ollantaytambo se fait tr\u00e8s t\u00f4t au&#8230;<\/p>\n","protected":false},"author":1,"featured_media":0,"parent":0,"menu_order":0,"comment_status":"closed","ping_status":"closed","template":"","meta":{"_acf_changed":false,"footnotes":""},"class_list":["post-3494","page","type-page","status-publish","hentry"],"acf":[],"_links":{"self":[{"href":"https:\/\/acuarelatourperu.com\/fr\/wp-json\/wp\/v2\/pages\/3494","targetHints":{"allow":["GET"]}}],"collection":[{"href":"https:\/\/acuarelatourperu.com\/fr\/wp-json\/wp\/v2\/pages"}],"about":[{"href":"https:\/\/acuarelatourperu.com\/fr\/wp-json\/wp\/v2\/types\/page"}],"author":[{"embeddable":true,"href":"https:\/\/acuarelatourperu.com\/fr\/wp-json\/wp\/v2\/users\/1"}],"replies":[{"embeddable":true,"href":"https:\/\/acuarelatourperu.com\/fr\/wp-json\/wp\/v2\/comments?post=3494"}],"version-history":[{"count":9,"href":"https:\/\/acuarelatourperu.com\/fr\/wp-json\/wp\/v2\/pages\/3494\/revisions"}],"predecessor-version":[{"id":4633,"href":"https:\/\/acuarelatourperu.com\/fr\/wp-json\/wp\/v2\/pages\/3494\/revisions\/4633"}],"wp:attachment":[{"href":"https:\/\/acuarelatourperu.com\/fr\/wp-json\/wp\/v2\/media?parent=3494"}],"curies":[{"name":"wp","href":"https:\/\/api.w.org\/{rel}","templated":true}]}}