{"id":3507,"date":"2019-07-23T02:04:51","date_gmt":"2019-07-23T02:04:51","guid":{"rendered":"http:\/\/www.acuarelatourperu.com\/?page_id=3507"},"modified":"2019-12-20T15:08:55","modified_gmt":"2019-12-20T15:08:55","slug":"cusco-convencional","status":"publish","type":"page","link":"https:\/\/acuarelatourperu.com\/fr\/cusco-convencional\/","title":{"rendered":"CUSCO CONVENCIONAL"},"content":{"rendered":"[vc_row][vc_column][vc_column_text]\n<h2 style=\"text-align: center;\"><span style=\"color: #02aea9;\">CUSCO<\/span><\/h2>\n<p>\u2022 \u00a0<strong>Dur\u00e9e: <\/strong>4 jours<\/p>\n<p><strong> 1er JOUR &#8211; VISITE DE LA VILLE <\/strong><\/p>\n<p>Notre visite commence dans la \u201cPlaza de Armas\u201d (place centrale) et la superbe cath\u00e9drale avec son architecture m\u00e9tisse, puis nous continuons vers l&rsquo;un des centres les plus importants \u00ab\u00a0Koricancha\u00a0\u00bb, construit par l&rsquo;Inca Pachac\u00fatec, aujourd&rsquo;hui devenu le couvent de Santo Domingo. Nous continuerons ensuite vers le march\u00e9 San Pedro con\u00e7u par Gustavo Eiffel, dans ce march\u00e9 vous aurez l\u2019occasion de c\u00f4toyer la r\u00e9alit\u00e9 locale, avec son impressionante vari\u00e9t\u00e9 de produits provenant des hautes zones andines.<br \/>\nNuit \u00e0 l&rsquo;h\u00f4tel.<\/p>\n<p><strong> 2eme JOUR &#8211; SAQSAYHUAMAN\/ CHINCHERO\/ MURAY\/ MARAS\/ OLLANTAYTAMBO<\/strong><\/p>\n<p>Aujourd&rsquo;hui, nous commencerons \u00e0 7h00 pour visiter le site arch\u00e9ologique de Sacsayhuaman, avec son inexplicable ing\u00e9nierie de l&rsquo;\u00e8re pr\u00e9-hispanique. Puis \u00e0 la ville de Chincheros, o\u00f9 la communaut\u00e9 des tisserands fera la d\u00e9monstration de la teinture et du tissage \u00e0 la main comme il y a des si\u00e8cles dans notre histoire. Puis ce sera le moment de se promener un peu et visiter Moray, site arch\u00e9ologique qui a \u00e9t\u00e9 un laboratoire botanique, d&rsquo;ici une promenade vers les mines de sel de Maras d\u00e9clar\u00e9 patrimoine de l&rsquo;UNESCO.<br \/>\nNuit \u00e0 l&rsquo;h\u00f4tel.<\/p>\n<p><strong> 3eme JOUR &#8211; OLLANTAYTAMBO\/ PUMAMARCA\/ AGUAS CALIENTES\/strong&gt;<\/strong><\/p>\n<p>Apr\u00e8s un grand petit d\u00e9jeuner, nous nous renderons sur le site arch\u00e9ologique d&rsquo;Ollantaytambo, un lieu surprenant de par son architecture ancestrale, puis nous irons \u00e0 Pumamarca. Entour\u00e9 d&rsquo;un mur de pierre, de l\u00e0 commence une descente \u00e0 pied \u00e0 Ollantaytambo pour un d\u00e9jeuner exquis de Pachamanca (\u00ab\u00a0four de terre\u00a0\u00bb), c&rsquo;est une tradition inca o\u00f9 la nourriture est pr\u00e9par\u00e9e avec des pierres tr\u00e8s chaudes et enterr\u00e9es.<br \/>\nTrain vers le village de Machu Picchu. Nuit \u00e0 l&rsquo;h\u00f4tel.<\/p>\n<p><strong> JOUR 4 \u2013 AGUAS CALIENTES \/ MACHU PICCHU\/ CUSCO <\/strong><\/p>\n<p>Peut-\u00eatre le jour le plus attendu est arriv\u00e9, votre tour commence t\u00f4t le matin avec un bus vers l&rsquo;un des sites arch\u00e9ologiques les plus importants, le Machu Picchu, connu comme la cit\u00e9 perdue des incas et aujourd&rsquo;hui consid\u00e9r\u00e9e comme l&rsquo;une des 7 merveilles du monde. Apr\u00e8s avoir d\u00e9couvert cette merveilleuse citadelle, il est temps de retourner \u00e0 Aguas Calientes pour le d\u00e9jeuner et enfin retourner \u00e0 Cusco.<br \/>\nNuit \u00e0 l&rsquo;h\u00f4tel.<\/p>\n<p>Comprend: Transport priv\u00e9, h\u00f4tel, guide, trekking, d\u00e9jeuner, train (aller-retour), billets de Machu Picchu, bus aller\/retour au Machu Picchu, transfert \u00e0 Cusco.[\/vc_column_text][vc_row_inner gap=\u00a0\u00bb5&Prime;][vc_column_inner offset=\u00a0\u00bbvc_hidden-lg vc_hidden-md vc_hidden-sm\u00a0\u00bb][vc_gallery type=\u00a0\u00bbimage_grid\u00a0\u00bb images=\u00a0\u00bb2656,3522,3520,3521,3510,3509,3524,3523,3511,3512,3513,3518,3517,3516,3515,3519&Prime; img_size=\u00a0\u00bbmedium\u00a0\u00bb onclick=\u00a0\u00bbcustom_link\u00a0\u00bb css_animation=\u00a0\u00bbfadeIn\u00a0\u00bb][\/vc_column_inner][\/vc_row_inner][\/vc_column][\/vc_row][vc_row][vc_column offset=\u00a0\u00bbvc_hidden-xs\u00a0\u00bb][vc_media_grid element_width=\u00a0\u00bb2&Prime; grid_id=\u00a0\u00bbvc_gid:1576854379777-0c49d7c7-0fc1-9&Prime; include=\u00a0\u00bb3509,3510,3511,3512,3519,3513,3515,3516,3517,3518,3520,3521,3522,3523,3524,2656&Prime;][\/vc_column][\/vc_row][vc_row content_placement=\u00a0\u00bbmiddle\u00a0\u00bb][vc_column][vc_btn title=\u00a0\u00bbCOTIZAR\u00a0\u00bb color=\u00a0\u00bbdanger\u00a0\u00bb align=\u00a0\u00bbcenter\u00a0\u00bb css_animation=\u00a0\u00bbzoomInRight\u00a0\u00bb link=\u00a0\u00bburl:http%3A%2F%2Fbit.ly%2FAcuarelaTourPeru|||\u00a0\u00bb][\/vc_column][\/vc_row]","protected":false},"excerpt":{"rendered":"<p>[vc_row][vc_column][vc_column_text] CUSCO \u2022 \u00a0Dur\u00e9e: 4 jours 1er JOUR &#8211; VISITE DE LA VILLE Notre visite commence dans la \u201cPlaza de Armas\u201d (place centrale) et la superbe cath\u00e9drale avec son architecture&#8230;<\/p>\n","protected":false},"author":1,"featured_media":0,"parent":0,"menu_order":0,"comment_status":"closed","ping_status":"closed","template":"","meta":{"_acf_changed":false,"footnotes":""},"class_list":["post-3507","page","type-page","status-publish","hentry"],"acf":[],"_links":{"self":[{"href":"https:\/\/acuarelatourperu.com\/fr\/wp-json\/wp\/v2\/pages\/3507","targetHints":{"allow":["GET"]}}],"collection":[{"href":"https:\/\/acuarelatourperu.com\/fr\/wp-json\/wp\/v2\/pages"}],"about":[{"href":"https:\/\/acuarelatourperu.com\/fr\/wp-json\/wp\/v2\/types\/page"}],"author":[{"embeddable":true,"href":"https:\/\/acuarelatourperu.com\/fr\/wp-json\/wp\/v2\/users\/1"}],"replies":[{"embeddable":true,"href":"https:\/\/acuarelatourperu.com\/fr\/wp-json\/wp\/v2\/comments?post=3507"}],"version-history":[{"count":8,"href":"https:\/\/acuarelatourperu.com\/fr\/wp-json\/wp\/v2\/pages\/3507\/revisions"}],"predecessor-version":[{"id":4632,"href":"https:\/\/acuarelatourperu.com\/fr\/wp-json\/wp\/v2\/pages\/3507\/revisions\/4632"}],"wp:attachment":[{"href":"https:\/\/acuarelatourperu.com\/fr\/wp-json\/wp\/v2\/media?parent=3507"}],"curies":[{"name":"wp","href":"https:\/\/api.w.org\/{rel}","templated":true}]}}