{"id":3530,"date":"2019-07-23T02:48:12","date_gmt":"2019-07-23T02:48:12","guid":{"rendered":"http:\/\/www.acuarelatourperu.com\/?page_id=3530"},"modified":"2019-12-20T14:45:48","modified_gmt":"2019-12-20T14:45:48","slug":"trekking-canon-del-colca","status":"publish","type":"page","link":"https:\/\/acuarelatourperu.com\/fr\/trekking-canon-del-colca\/","title":{"rendered":"TREKKING CA\u00d1\u00d3N DEL COLCA"},"content":{"rendered":"[vc_row][vc_column][vc_column_text]\n<h1 style=\"text-align: center;\"><span style=\"color: #02aea9;\"> TREK CANYON DU COLCA <\/span><\/h1>\n<p>\u2022 \u00a0<strong>Dur\u00e9e: <\/strong>3 jours<\/p>\n<p>Nous commencerons t\u00f4t le matin, en passant par la r\u00e9serve nationale de Salinas, nous observons des vigognes et des lamas, avant d\u2019atteindre le point culminant \u00e0 4900 m\u00e8tres. Puis, descent vers la vall\u00e9e du olca, en continuant vers le point de vue de la Croix du Condor. Apr\u00e8s le d\u00e9jeuner, le trek commence vers le fond du canyon jusqu&rsquo;\u00e0 la ville de San Juan de Chuccho, o\u00f9 nous passerons la nuit.<\/p>\n<p>Le deuxi\u00e8me jour, apr\u00e8s un agr\u00e9able petit d\u00e9jeuner, la courte aventure de trois heures se poursuit \u00e0 travers les champs jusqu&rsquo;\u00e0 Sangalle, lieu de d\u00e9jeuner et de d\u00e9tente dans les bassins d&rsquo;eau chaude. Dans l&rsquo;apr\u00e8s-midi, nous remonterons le Canyon jusqu&rsquo;\u00e0 Cabanaconde o\u00f9 nous passerons la nuit.<\/p>\n<p>Le lendemain matin, nous en apprendrons plus sur la vall\u00e9e de Colca et aurons la possibilit\u00e9 de visiter les thermes. D\u00e9jeuner \u00e0 Chivay. Vous poursuivez ensuite votre voyage jusqu&rsquo;\u00e0 Arequipa ou Puno.<\/p>\n<p>Comprend: Transport priv\u00e9, d\u00e9jeuners, d\u00eeners, petits d\u00e9jeuners, h\u00e9bergement sommaire.<br \/>\n[\/vc_column_text][vc_row_inner gap=\u00a0\u00bb5&Prime;][vc_column_inner offset=\u00a0\u00bbvc_hidden-lg vc_hidden-md vc_hidden-sm\u00a0\u00bb][vc_gallery type=\u00a0\u00bbimage_grid\u00a0\u00bb images=\u00a0\u00bb3534,3591,4142,3538,3536,3535,4200,4199,4198&Prime; img_size=\u00a0\u00bbmedium\u00a0\u00bb onclick=\u00a0\u00bbcustom_link\u00a0\u00bb css_animation=\u00a0\u00bbfadeIn\u00a0\u00bb][\/vc_column_inner][\/vc_row_inner][\/vc_column][\/vc_row][vc_row][vc_column offset=\u00a0\u00bbvc_hidden-xs\u00a0\u00bb][vc_media_grid element_width=\u00a0\u00bb2&Prime; grid_id=\u00a0\u00bbvc_gid:1576853082822-7da6765f-ed82-8&Prime; include=\u00a0\u00bb3591,4200,4142,3536,3535,3534,4199,3538,4141,4198&Prime;][\/vc_column][\/vc_row][vc_row content_placement=\u00a0\u00bbmiddle\u00a0\u00bb][vc_column][vc_btn title=\u00a0\u00bbCOTIZAR\u00a0\u00bb color=\u00a0\u00bbdanger\u00a0\u00bb align=\u00a0\u00bbcenter\u00a0\u00bb css_animation=\u00a0\u00bbzoomInRight\u00a0\u00bb link=\u00a0\u00bburl:http%3A%2F%2Fbit.ly%2FAcuarelaTourPeru|||\u00a0\u00bb][\/vc_column][\/vc_row]","protected":false},"excerpt":{"rendered":"<p>[vc_row][vc_column][vc_column_text] TREK CANYON DU COLCA \u2022 \u00a0Dur\u00e9e: 3 jours Nous commencerons t\u00f4t le matin, en passant par la r\u00e9serve nationale de Salinas, nous observons des vigognes et des lamas, avant&#8230;<\/p>\n","protected":false},"author":1,"featured_media":0,"parent":0,"menu_order":0,"comment_status":"closed","ping_status":"closed","template":"","meta":{"_acf_changed":false,"footnotes":""},"class_list":["post-3530","page","type-page","status-publish","hentry"],"acf":[],"_links":{"self":[{"href":"https:\/\/acuarelatourperu.com\/fr\/wp-json\/wp\/v2\/pages\/3530","targetHints":{"allow":["GET"]}}],"collection":[{"href":"https:\/\/acuarelatourperu.com\/fr\/wp-json\/wp\/v2\/pages"}],"about":[{"href":"https:\/\/acuarelatourperu.com\/fr\/wp-json\/wp\/v2\/types\/page"}],"author":[{"embeddable":true,"href":"https:\/\/acuarelatourperu.com\/fr\/wp-json\/wp\/v2\/users\/1"}],"replies":[{"embeddable":true,"href":"https:\/\/acuarelatourperu.com\/fr\/wp-json\/wp\/v2\/comments?post=3530"}],"version-history":[{"count":9,"href":"https:\/\/acuarelatourperu.com\/fr\/wp-json\/wp\/v2\/pages\/3530\/revisions"}],"predecessor-version":[{"id":4627,"href":"https:\/\/acuarelatourperu.com\/fr\/wp-json\/wp\/v2\/pages\/3530\/revisions\/4627"}],"wp:attachment":[{"href":"https:\/\/acuarelatourperu.com\/fr\/wp-json\/wp\/v2\/media?parent=3530"}],"curies":[{"name":"wp","href":"https:\/\/api.w.org\/{rel}","templated":true}]}}