{"id":3544,"date":"2019-07-23T03:35:48","date_gmt":"2019-07-23T03:35:48","guid":{"rendered":"http:\/\/www.acuarelatourperu.com\/?page_id=3544"},"modified":"2019-12-20T14:43:02","modified_gmt":"2019-12-20T14:43:02","slug":"trekking-canon-del-colca2dias","status":"publish","type":"page","link":"https:\/\/acuarelatourperu.com\/fr\/trekking-canon-del-colca-2dias\/","title":{"rendered":"TREKKING CA\u00d1\u00d3N DEL COLCA 2DIAS"},"content":{"rendered":"[vc_row][vc_column][vc_column_text]\n<h2 style=\"text-align: center;\"><span style=\"color: #02aea9;\"> TREK COLCA CANYON <\/span><\/h2>\n<p>\u2022 \u00a0<strong>Dur\u00e9e: <\/strong>2 jours<\/p>\n<p>Ramassage \u00e0 2h30 du matin pour arriver \u00e0 Chivay pour le petit d\u00e9jeuner \u00e0 6h30 du matin, nous nous dirigeons ensuite vers la Croix du Condor, puis la \u201cPampa San Miguel\u201d o\u00f9 notre aventure va commencer. Nous arriverons pour le d\u00e9jeuner \u00e0 San Juan de Chuccho (9km), puis nous continuerons \u00e0 travers les champs pour atteindre Sangalle, o\u00f9 vous pourrez profiter d\u2019une baignade dans les piscines d&rsquo;eau chaude, puis passer la nuit sur place.<\/p>\n<p>Le deuxi\u00e8me jour nous partirons \u00e0 4h30 du matin pour remonter le canyon jusqu&rsquo;\u00e0 Cabanaconde, o\u00f9 nous prendrons un bon petit d\u00e9jeuner, puis au retour nous ferons quelques arr\u00eats sur le chemin de retour vers Arequipa.<\/p>\n<p>Il y a une option de service priv\u00e9 pour 2 et 3 jours.<\/p>\n<p>Comprend: Transport priv\u00e9 ou partag\u00e9, d\u00e9jeuners, d\u00eeners, d\u00eeners, petits d\u00e9jeuners, h\u00e9bergement sommaire.<br \/>\n[\/vc_column_text][vc_row_inner gap=\u00a0\u00bb5&Prime;][vc_column_inner offset=\u00a0\u00bbvc_hidden-lg vc_hidden-md vc_hidden-sm\u00a0\u00bb][vc_gallery type=\u00a0\u00bbimage_grid\u00a0\u00bb images=\u00a0\u00bb4195,3548,3554,4136,3551,3555,4193,3550,3553,4194&Prime; img_size=\u00a0\u00bbmedium\u00a0\u00bb onclick=\u00a0\u00bbcustom_link\u00a0\u00bb css_animation=\u00a0\u00bbfadeIn\u00a0\u00bb][\/vc_column_inner][\/vc_row_inner][\/vc_column][\/vc_row][vc_row][vc_column offset=\u00a0\u00bbvc_hidden-xs\u00a0\u00bb][vc_media_grid element_width=\u00a0\u00bb2&Prime; grid_id=\u00a0\u00bbvc_gid:1576852932499-10813b44-45c7-7&Prime; include=\u00a0\u00bb4195,3550,4193,3554,3551,4136,3553,3555,4194,3548&Prime;][\/vc_column][\/vc_row][vc_row content_placement=\u00a0\u00bbmiddle\u00a0\u00bb][vc_column][vc_btn title=\u00a0\u00bbCOTIZAR\u00a0\u00bb color=\u00a0\u00bbdanger\u00a0\u00bb align=\u00a0\u00bbcenter\u00a0\u00bb css_animation=\u00a0\u00bbzoomInRight\u00a0\u00bb link=\u00a0\u00bburl:http%3A%2F%2Fbit.ly%2FAcuarelaTourPeru|||\u00a0\u00bb][\/vc_column][\/vc_row]","protected":false},"excerpt":{"rendered":"<p>[vc_row][vc_column][vc_column_text] TREK COLCA CANYON \u2022 \u00a0Dur\u00e9e: 2 jours Ramassage \u00e0 2h30 du matin pour arriver \u00e0 Chivay pour le petit d\u00e9jeuner \u00e0 6h30 du matin, nous nous dirigeons ensuite vers&#8230;<\/p>\n","protected":false},"author":1,"featured_media":0,"parent":0,"menu_order":0,"comment_status":"closed","ping_status":"closed","template":"","meta":{"_acf_changed":false,"footnotes":""},"class_list":["post-3544","page","type-page","status-publish","hentry"],"acf":[],"_links":{"self":[{"href":"https:\/\/acuarelatourperu.com\/fr\/wp-json\/wp\/v2\/pages\/3544","targetHints":{"allow":["GET"]}}],"collection":[{"href":"https:\/\/acuarelatourperu.com\/fr\/wp-json\/wp\/v2\/pages"}],"about":[{"href":"https:\/\/acuarelatourperu.com\/fr\/wp-json\/wp\/v2\/types\/page"}],"author":[{"embeddable":true,"href":"https:\/\/acuarelatourperu.com\/fr\/wp-json\/wp\/v2\/users\/1"}],"replies":[{"embeddable":true,"href":"https:\/\/acuarelatourperu.com\/fr\/wp-json\/wp\/v2\/comments?post=3544"}],"version-history":[{"count":12,"href":"https:\/\/acuarelatourperu.com\/fr\/wp-json\/wp\/v2\/pages\/3544\/revisions"}],"predecessor-version":[{"id":4626,"href":"https:\/\/acuarelatourperu.com\/fr\/wp-json\/wp\/v2\/pages\/3544\/revisions\/4626"}],"wp:attachment":[{"href":"https:\/\/acuarelatourperu.com\/fr\/wp-json\/wp\/v2\/media?parent=3544"}],"curies":[{"name":"wp","href":"https:\/\/api.w.org\/{rel}","templated":true}]}}