{"id":3571,"date":"2019-07-24T14:01:29","date_gmt":"2019-07-24T14:01:29","guid":{"rendered":"http:\/\/www.acuarelatourperu.com\/?page_id=3571"},"modified":"2019-12-20T14:40:48","modified_gmt":"2019-12-20T14:40:48","slug":"arequipa-tradicional-colca-puno","status":"publish","type":"page","link":"https:\/\/acuarelatourperu.com\/fr\/arequipa-tradicional-colca-puno\/","title":{"rendered":"AREQUIPA TRADICIONAL\/ COLCA\/ PUNO"},"content":{"rendered":"[vc_row][vc_column][vc_column_text]\n<h1 style=\"text-align: center;\"><span style=\"color: #02aea9;\"> AREQUIPA TRADITIONNEL\/ COLCA\/ PUNO<\/span><\/h1>\n<p>\u2022 \u00a0<strong>Dur\u00e9e: <\/strong>4 Jours<\/p>\n<p><strong> 1er JOUR: VISITE DE LA CAMPAGNE \/ VISITE DE LA VILLE <\/strong><\/p>\n<p>Notre visite commence \u00e0 8 heures du matin en transport priv\u00e9 jusqu&rsquo;au belv\u00e9d\u00e8re de Sachaca, o\u00f9 vous pourrez voir les trois volcans qui entourent la ville, \u00e0 c\u00f4t\u00e9 des champs. Puis nous continuons jusqu&rsquo;\u00e0 la maison du fondateur, une belle structure coloniale au milieu de champs verdoyants et enfin jusqu&rsquo;au magnifique moulin colonial de Sabandia construit en 1621, qui est toujours en activit\u00e9. Une visite int\u00e9ressante de la campagne d&rsquo;Arequipa.<\/p>\n<p>Dans l&rsquo;apr\u00e8s-midi, une visite int\u00e9ressante nous attend avec le Monast\u00e8re de Santa Catalina qui est une ic\u00f4ne de la ville, puis nous irons jusqu\u2019\u00e0 la superbe place centrale de la ville (\u201cPlaza de Armas\u201d), et enfin nous terminerons notre journee au mus\u00e9e de la momie Juanita. Cet itin\u00e9raire fusionne le pr\u00e9hispanique avec l&rsquo;hispanique, ce qui nous aidera a vraiment connaitre les origines de cette ville patrimoniale.<br \/>\nNuit \u00e0 l&rsquo;h\u00f4tel.<\/p>\n<p><strong> 2e JOUR: CARRI\u00c8RES DE PIERRE VOLCANIQUE \/ COURS DE CUISINE<\/strong><\/p>\n<p>Aujourd&rsquo;hui notre tour commencera \u00e0 7 heures du matin, pour visiter les carri\u00e8res de pierre volcanique et ainsi pouvoir comprendre les monuments de la ville, tout en observant les artisans qui continuent \u00e0 travailler la pierre de fa\u00e7on tr\u00e8s artisanale. Ce qu&rsquo;il reste des volcans, l&rsquo;homme en fait de l\u2019art avec ses mains.<\/p>\n<p>Ensuite, nous irons au march\u00e9 de San Camilo pour voir la grande vari\u00e9t\u00e9 de produits locaux et pour choisir nos ingr\u00e9dients pour la pr\u00e9paration d&rsquo;un plat traditionnel du coin. Ce sera une belle (et bien s\u00fbr d\u00e9licieuse!) exp\u00e9rience.<\/p>\n<p><strong> 3e JOUR: VALL\u00c9E DU COLCA <\/strong><\/p>\n<p>Notre excursion commence \u00e0 7 heures du matin, en passant par la r\u00e9serve nationale de Salinas o\u00f9 nous pourrons voir des vigognes, des lamas, des alpagas. Puis nous continuerons jusqu&rsquo;au point culminant \u00e0 4910 m\u00e8tres, le point de vue des volcans et d&rsquo;une partie de la cha\u00eene de montagnes occidentale, avant de descendre \u00e0 la ville de Chivay (3650 m\u00e8tres) pour le d\u00e9jeuner.<br \/>\nL&rsquo;apr\u00e8s-midi, promenade facultative. Nuit \u00e0 l&rsquo;h\u00f4tel.<\/p>\n<p><strong> 4eme JOUR. CANYON COLCA <\/strong><\/p>\n<p>Apr\u00e8s un agr\u00e9able petit d\u00e9jeuner, il est temps de profiter du grand paysage des terrasses pr\u00e9-incas de la vall\u00e9e de la colca, en direction du point de vue de la Croix du Condor pour profiter du vol de ce majestueux oiseau des Andes. Puis nous retournerons \u00e0 la ville de Chivay pour le d\u00e9jeuner et continuerons vers la ville de Puno (voyage de 6 \u00e0 7 heures) tout en appr\u00e9ciant le beau paysage du plateau avec quelques arr\u00eats en cours de route. Nuit \u00e0 l&rsquo;h\u00f4tel.<\/p>\n<p>Inclus: Transport priv\u00e9, h\u00f4tel, guide, frais d&rsquo;entr\u00e9e, h\u00e9bergement, petit-d\u00e9jeuner, d\u00e9jeuner le deuxi\u00e8me jour, bus de cat\u00e9gorie sup\u00e9rieure \u00e0 Puno. Prise en charge et transfert \u00e0 votre h\u00f4tel \u00e0 Puno. [\/vc_column_text][vc_row_inner gap=\u00a0\u00bb5&Prime;][vc_column_inner offset=\u00a0\u00bbvc_hidden-lg vc_hidden-md vc_hidden-sm\u00a0\u00bb][vc_gallery type=\u00a0\u00bbimage_grid\u00a0\u00bb images=\u00a0\u00bb3574,4075,3578,4035,3577,3576,3575,4079&Prime; img_size=\u00a0\u00bbmedium\u00a0\u00bb onclick=\u00a0\u00bbcustom_link\u00a0\u00bb css_animation=\u00a0\u00bbfadeIn\u00a0\u00bb][\/vc_column_inner][\/vc_row_inner][\/vc_column][\/vc_row][vc_row][vc_column offset=\u00a0\u00bbvc_hidden-xs\u00a0\u00bb][vc_media_grid element_width=\u00a0\u00bb2&Prime; grid_id=\u00a0\u00bbvc_gid:1576852714518-2d8d8640-3733-6&Prime; include=\u00a0\u00bb3574,4075,3575,3576,4035,4079,3577,3578&Prime;][\/vc_column][\/vc_row][vc_row content_placement=\u00a0\u00bbmiddle\u00a0\u00bb][vc_column][vc_btn title=\u00a0\u00bbCOTIZAR\u00a0\u00bb color=\u00a0\u00bbdanger\u00a0\u00bb align=\u00a0\u00bbcenter\u00a0\u00bb css_animation=\u00a0\u00bbzoomInRight\u00a0\u00bb link=\u00a0\u00bburl:http%3A%2F%2Fbit.ly%2FAcuarelaTourPeru|||\u00a0\u00bb][\/vc_column][\/vc_row]","protected":false},"excerpt":{"rendered":"<p>[vc_row][vc_column][vc_column_text] AREQUIPA TRADITIONNEL\/ COLCA\/ PUNO \u2022 \u00a0Dur\u00e9e: 4 Jours 1er JOUR: VISITE DE LA CAMPAGNE \/ VISITE DE LA VILLE Notre visite commence \u00e0 8 heures du matin en transport&#8230;<\/p>\n","protected":false},"author":1,"featured_media":0,"parent":0,"menu_order":0,"comment_status":"closed","ping_status":"closed","template":"","meta":{"_acf_changed":false,"footnotes":""},"class_list":["post-3571","page","type-page","status-publish","hentry"],"acf":[],"_links":{"self":[{"href":"https:\/\/acuarelatourperu.com\/fr\/wp-json\/wp\/v2\/pages\/3571","targetHints":{"allow":["GET"]}}],"collection":[{"href":"https:\/\/acuarelatourperu.com\/fr\/wp-json\/wp\/v2\/pages"}],"about":[{"href":"https:\/\/acuarelatourperu.com\/fr\/wp-json\/wp\/v2\/types\/page"}],"author":[{"embeddable":true,"href":"https:\/\/acuarelatourperu.com\/fr\/wp-json\/wp\/v2\/users\/1"}],"replies":[{"embeddable":true,"href":"https:\/\/acuarelatourperu.com\/fr\/wp-json\/wp\/v2\/comments?post=3571"}],"version-history":[{"count":12,"href":"https:\/\/acuarelatourperu.com\/fr\/wp-json\/wp\/v2\/pages\/3571\/revisions"}],"predecessor-version":[{"id":4625,"href":"https:\/\/acuarelatourperu.com\/fr\/wp-json\/wp\/v2\/pages\/3571\/revisions\/4625"}],"wp:attachment":[{"href":"https:\/\/acuarelatourperu.com\/fr\/wp-json\/wp\/v2\/media?parent=3571"}],"curies":[{"name":"wp","href":"https:\/\/api.w.org\/{rel}","templated":true}]}}