{"id":3583,"date":"2019-07-24T14:35:47","date_gmt":"2019-07-24T14:35:47","guid":{"rendered":"http:\/\/www.acuarelatourperu.com\/?page_id=3583"},"modified":"2019-12-20T14:30:33","modified_gmt":"2019-12-20T14:30:33","slug":"arequipa-canteras-de-sillar-city-tour-colca-puno","status":"publish","type":"page","link":"https:\/\/acuarelatourperu.com\/fr\/arequipa-canteras-de-sillar-city-tour-colca-puno\/","title":{"rendered":"AREQUIPA (CANTERAS DE SILLAR\/ CITY TOUR\/ COLCA\/ PUNO)"},"content":{"rendered":"[vc_row][vc_column][vc_column_text]\n<h2 style=\"text-align: center;\"><span style=\"color: #02aea9;\"> AREQUIPA (CARRI\u00c8RES DE PIERRE VOLCANIQUE \/ VISITE DE LA VILLE \/ COLCA\/ PUNO)<\/span><\/h2>\n<p>\u2022 \u00a0<strong>Dur\u00e9e: <\/strong> 4 JOURS<\/p>\n<p><strong>JOUR 1<\/strong>. Aujourd&rsquo;hui notre tour commencera \u00e0 7 heures du matin, pour visiter les carri\u00e8res de pierre volcanique et ainsi pouvoir comprendre les monuments de la ville, tout en observant les artisans qui continuent \u00e0 travailler la pierre de fa\u00e7on tr\u00e8s artisanale. Ce qu&rsquo;il reste des volcans, l&rsquo;homme en fait de l\u2019art avec ses mains.<\/p>\n<p>Dans l&rsquo;apr\u00e8s-midi, au cours d&rsquo;une visite de 3 heures, nous pourrons appr\u00e9cier l&rsquo;architecture et l&rsquo;histoire d&rsquo;Arequipa, d\u00e9clar\u00e9e ville du patrimoine de l&rsquo;UNESCO. Une vraie ic\u00f4ne dans la ville est le monast\u00e8re de Santa Catalina, un vrai havre de paix et d\u2019histoire au coeur de la ville, puis le centre historique o\u00f9 chaque monument conserve une beaut\u00e9 architecturale \u00e0 base de pierre volcanique dont la ville est construite.<br \/>\nNuit \u00e0 l&rsquo;h\u00f4tel.<\/p>\n<p><strong>JOUR 2<\/strong>.Notre tour commence \u00e0 7 heures du matin, en passant par la r\u00e9serve nationale de Salinas o\u00f9 nous pourrons voir des vigognes, des lamas et des alpagas. Puis nous passerons au point culminant \u00e0 4910 m\u00e8tres, un point de vue sur les volcans et une partie de la cha\u00eene de montagnes occidentale, avant de descendre dans la ville de Chivay \u00e0 3650 m\u00e8tres our le d\u00e9jeuner.<br \/>\nL&rsquo;apr\u00e8s-midi, promenade facultative. Nuit \u00e0 l&rsquo;h\u00f4tel.<\/p>\n<p><strong>JOUR 3.<\/strong>\u00a0Apr\u00e8s un agr\u00e9able petit d\u00e9jeuner, il est temps de profiter du grand paysage des terrasses pr\u00e9-incas de la vall\u00e9e de Colca, en direction du point de vue de la Croix du Condor pour profiter du vol de ce majestueux oiseau des Andes. Puis nous retournons \u00e0 la ville de Chivay pour le d\u00e9jeuner, avant votre apr\u00e8s-midi libre.<br \/>\nNuit \u00e0 l&rsquo;h\u00f4tel.<\/p>\n<p><strong>JOUR 4<\/strong>. Ce jour-l\u00e0, nous nous dirigerons hors sentiers battus. Dans la vall\u00e9e du Colca, il ya des options de randonn\u00e9e pour les amateurs, les routes \u00e0 choisir sont : Coporaque-Uyo uyo, (7 kilom\u00e8tres), Canocota (8 kilom\u00e8tres de piste), Chimpa (6 kilom\u00e8tres). Votre guide vous expliquera les options \u00e0 choisir et le degr\u00e9 de difficult\u00e9. Apr\u00e8s le d\u00e9jeuner, vous continuerez votre voyage en bus touristique jusqu&rsquo;\u00e0 Puno.<br \/>\nNuit \u00e0 l&rsquo;h\u00f4tel.<\/p>\n<p>Inclus: Transport priv\u00e9, guide, h\u00e9bergement, petit d\u00e9jeuner, bus de cat\u00e9gorie sup\u00e9rieure \u00e0 Puno. Prise en charge et transfert \u00e0 votre h\u00f4tel \u00e0 Puno.<br \/>\n[\/vc_column_text][vc_row_inner gap=\u00a0\u00bb5&Prime;][vc_column_inner offset=\u00a0\u00bbvc_hidden-lg vc_hidden-md vc_hidden-sm\u00a0\u00bb][vc_gallery type=\u00a0\u00bbimage_grid\u00a0\u00bb images=\u00a0\u00bb2523,4050,4071,3592,3591,3586,4072,3588,4070,4069&Prime; img_size=\u00a0\u00bbmedium\u00a0\u00bb onclick=\u00a0\u00bbcustom_link\u00a0\u00bb css_animation=\u00a0\u00bbfadeIn\u00a0\u00bb][\/vc_column_inner][\/vc_row_inner][\/vc_column][\/vc_row][vc_row][vc_column offset=\u00a0\u00bbvc_hidden-xs\u00a0\u00bb][vc_media_grid element_width=\u00a0\u00bb2&Prime; grid_id=\u00a0\u00bbvc_gid:1576852114397-6a15a842-4b62-1&Prime; include=\u00a0\u00bb3586,4050,3591,3592,4071,2523,4072,3588,4069,4070&Prime;][\/vc_column][\/vc_row][vc_row content_placement=\u00a0\u00bbmiddle\u00a0\u00bb][vc_column][vc_btn title=\u00a0\u00bbCOTIZAR\u00a0\u00bb color=\u00a0\u00bbdanger\u00a0\u00bb align=\u00a0\u00bbcenter\u00a0\u00bb css_animation=\u00a0\u00bbzoomInRight\u00a0\u00bb link=\u00a0\u00bburl:http%3A%2F%2Fbit.ly%2FAcuarelaTourPeru|||\u00a0\u00bb][\/vc_column][\/vc_row]","protected":false},"excerpt":{"rendered":"<p>[vc_row][vc_column][vc_column_text] AREQUIPA (CARRI\u00c8RES DE PIERRE VOLCANIQUE \/ VISITE DE LA VILLE \/ COLCA\/ PUNO) \u2022 \u00a0Dur\u00e9e: 4 JOURS JOUR 1. Aujourd&rsquo;hui notre tour commencera \u00e0 7 heures du matin, pour&#8230;<\/p>\n","protected":false},"author":1,"featured_media":0,"parent":0,"menu_order":0,"comment_status":"closed","ping_status":"closed","template":"","meta":{"_acf_changed":false,"footnotes":""},"class_list":["post-3583","page","type-page","status-publish","hentry"],"acf":[],"_links":{"self":[{"href":"https:\/\/acuarelatourperu.com\/fr\/wp-json\/wp\/v2\/pages\/3583","targetHints":{"allow":["GET"]}}],"collection":[{"href":"https:\/\/acuarelatourperu.com\/fr\/wp-json\/wp\/v2\/pages"}],"about":[{"href":"https:\/\/acuarelatourperu.com\/fr\/wp-json\/wp\/v2\/types\/page"}],"author":[{"embeddable":true,"href":"https:\/\/acuarelatourperu.com\/fr\/wp-json\/wp\/v2\/users\/1"}],"replies":[{"embeddable":true,"href":"https:\/\/acuarelatourperu.com\/fr\/wp-json\/wp\/v2\/comments?post=3583"}],"version-history":[{"count":13,"href":"https:\/\/acuarelatourperu.com\/fr\/wp-json\/wp\/v2\/pages\/3583\/revisions"}],"predecessor-version":[{"id":4624,"href":"https:\/\/acuarelatourperu.com\/fr\/wp-json\/wp\/v2\/pages\/3583\/revisions\/4624"}],"wp:attachment":[{"href":"https:\/\/acuarelatourperu.com\/fr\/wp-json\/wp\/v2\/media?parent=3583"}],"curies":[{"name":"wp","href":"https:\/\/api.w.org\/{rel}","templated":true}]}}