{"id":3598,"date":"2019-07-24T14:57:12","date_gmt":"2019-07-24T14:57:12","guid":{"rendered":"http:\/\/www.acuarelatourperu.com\/?page_id=3598"},"modified":"2019-12-20T14:25:39","modified_gmt":"2019-12-20T14:25:39","slug":"arequipa-city-tour-colca-puno","status":"publish","type":"page","link":"https:\/\/acuarelatourperu.com\/fr\/arequipa-city-tour-colca-puno\/","title":{"rendered":"AREQUIPA (CITY TOUR\/ COLCA\/ PUNO)"},"content":{"rendered":"[vc_row][vc_column][vc_column_text]\n<h1 style=\"text-align: center;\"><span style=\"color: #02aea9;\">AREQUIPA (CITY TOUR\/ COLCA\/ PUNO)<\/span><\/h1>\n<p>\u2022 \u00a0<strong>Dur\u00e9e: <\/strong> 3 JOURS<\/p>\n<p><strong>JOUR 1<\/strong>. Notre visite peut se d\u00e9rouler le matin ou l&rsquo;apr\u00e8s-midi. Dans un tour de 3 heures nous pourrons profiter de l&rsquo;architecture et l&rsquo;histoire d&rsquo;Arequipa, d\u00e9clar\u00e9e patrimoine par l&rsquo;UNESCO. Une vraie ic\u00f4ne dans la ville est le monast\u00e8re de Santa Catalina, un vrai havre de paix et d\u2019histoire au coeur de la ville, puis le centre historique o\u00f9 chaque monument conserve une beaut\u00e9 architecturale \u00e0 base de pierre volcanique dont la ville est construite. Nuit \u00e0 l&rsquo;h\u00f4tel.<\/p>\n<p><strong>JOUR 2.<\/strong> Notre excursion commence \u00e0 7 heures du matin, en passant par la r\u00e9serve nationale de Salinas o\u00f9 nous pourrons voir des vigognes, des lamas, des alpagas. Puis nous continuerons jusqu&rsquo;au point culminant \u00e0 4910 m\u00e8tres, le point de vue des volcans et d&rsquo;une partie de la cha\u00eene de montagnes occidentale, avant de descendre \u00e0 la ville de Chivay (3650 m\u00e8tres) pour le d\u00e9jeuner.<br \/>\nL&rsquo;apr\u00e8s-midi, promenade facultative. Nuit \u00e0 l&rsquo;h\u00f4tel.<\/p>\n<p>Si vous le souhaitez, nous pouvons ajouter une promenade de 3 heures l&rsquo;apr\u00e8s-midi dans un endroit peu visit\u00e9, pour profiter encore plus de la nature et respirer l\u2019air pur des montagnes.<\/p>\n<p><strong>JOUR 3.<\/strong>Apr\u00e8s un agr\u00e9able petit d\u00e9jeuner, il ser\u00e1 temps de profiter du grand paysage des terrasses pr\u00e9-incas de la vall\u00e9e de Colca, en direction du point de vue la \u201cCroix du Condor\u201d pour profiter du vol de ce majestueux oiseau des Andes. Puis nous retournerons \u00e0 la ville de Chivay pour le d\u00e9jeuner et continuons vers la ville de Puno voyage de 6 \u00e0 7 heures) tout en appr\u00e9ciant le beau paysage du plateau avec quelques arr\u00eats en cours de route.<\/p>\n<p>Nuit \u00e0 l&rsquo;h\u00f4tel.<\/p>\n<p>Comprend: Transport priv\u00e9, guide, h\u00e9bergement, petit d\u00e9jeuner, bus de cat\u00e9gorie sup\u00e9rieure \u00e0 Puno. Prise en charge et transfert \u00e0 votre h\u00f4tel \u00e0 Puno.<br \/>\n[\/vc_column_text][vc_row_inner gap=\u00a0\u00bb5&Prime;][vc_column_inner offset=\u00a0\u00bbvc_hidden-lg vc_hidden-md vc_hidden-sm\u00a0\u00bb][vc_gallery type=\u00a0\u00bbimage_grid\u00a0\u00bb images=\u00a0\u00bb2506,4063,3602,3604,4012,3605,3606,4064,3608,3603,4011&Prime; img_size=\u00a0\u00bbmedium\u00a0\u00bb onclick=\u00a0\u00bbcustom_link\u00a0\u00bb css_animation=\u00a0\u00bbfadeIn\u00a0\u00bb][\/vc_column_inner][\/vc_row_inner][\/vc_column][\/vc_row][vc_row][vc_column offset=\u00a0\u00bbvc_hidden-xs\u00a0\u00bb][vc_media_grid element_width=\u00a0\u00bb2&Prime; grid_id=\u00a0\u00bbvc_gid:1576851837007-53fc46a3-54de-6&Prime; include=\u00a0\u00bb3602,4064,3603,3604,4012,3605,3606,4063,3608,2506,4011&Prime;][\/vc_column][\/vc_row][vc_row content_placement=\u00a0\u00bbmiddle\u00a0\u00bb][vc_column][vc_btn title=\u00a0\u00bbCOTIZAR\u00a0\u00bb color=\u00a0\u00bbdanger\u00a0\u00bb align=\u00a0\u00bbcenter\u00a0\u00bb css_animation=\u00a0\u00bbzoomInRight\u00a0\u00bb link=\u00a0\u00bburl:http%3A%2F%2Fbit.ly%2FAcuarelaTourPeru|||\u00a0\u00bb][\/vc_column][\/vc_row]","protected":false},"excerpt":{"rendered":"<p>[vc_row][vc_column][vc_column_text] AREQUIPA (CITY TOUR\/ COLCA\/ PUNO) \u2022 \u00a0Dur\u00e9e: 3 JOURS JOUR 1. Notre visite peut se d\u00e9rouler le matin ou l&rsquo;apr\u00e8s-midi. Dans un tour de 3 heures nous pourrons profiter&#8230;<\/p>\n","protected":false},"author":1,"featured_media":0,"parent":0,"menu_order":0,"comment_status":"closed","ping_status":"closed","template":"","meta":{"_acf_changed":false,"footnotes":""},"class_list":["post-3598","page","type-page","status-publish","hentry"],"acf":[],"_links":{"self":[{"href":"https:\/\/acuarelatourperu.com\/fr\/wp-json\/wp\/v2\/pages\/3598","targetHints":{"allow":["GET"]}}],"collection":[{"href":"https:\/\/acuarelatourperu.com\/fr\/wp-json\/wp\/v2\/pages"}],"about":[{"href":"https:\/\/acuarelatourperu.com\/fr\/wp-json\/wp\/v2\/types\/page"}],"author":[{"embeddable":true,"href":"https:\/\/acuarelatourperu.com\/fr\/wp-json\/wp\/v2\/users\/1"}],"replies":[{"embeddable":true,"href":"https:\/\/acuarelatourperu.com\/fr\/wp-json\/wp\/v2\/comments?post=3598"}],"version-history":[{"count":12,"href":"https:\/\/acuarelatourperu.com\/fr\/wp-json\/wp\/v2\/pages\/3598\/revisions"}],"predecessor-version":[{"id":4623,"href":"https:\/\/acuarelatourperu.com\/fr\/wp-json\/wp\/v2\/pages\/3598\/revisions\/4623"}],"wp:attachment":[{"href":"https:\/\/acuarelatourperu.com\/fr\/wp-json\/wp\/v2\/media?parent=3598"}],"curies":[{"name":"wp","href":"https:\/\/api.w.org\/{rel}","templated":true}]}}