{"id":3613,"date":"2019-07-24T15:19:28","date_gmt":"2019-07-24T15:19:28","guid":{"rendered":"http:\/\/www.acuarelatourperu.com\/?page_id=3613"},"modified":"2019-12-20T14:17:42","modified_gmt":"2019-12-20T14:17:42","slug":"arequipa-arequipa-colca-puno","status":"publish","type":"page","link":"https:\/\/acuarelatourperu.com\/fr\/arequipa-arequipa-colca-puno\/","title":{"rendered":"AREQUIPA (AREQUIPA\/ COLCA\/ PUNO)"},"content":{"rendered":"[vc_row][vc_column][vc_column_text]\n<h1 style=\"text-align: center;\"><span style=\"color: #02aea9;\">AREQUIPA (AREQUIPA\/ COLCA\/ PUNO)<\/span><\/h1>\n<p>\u2022 \u00a0<strong>Dur\u00e9e: <\/strong> 2 JOURS<\/p>\n<p>Ce tour est pour les voyageurs qui n&rsquo;ont pas beaucoup de temps, mais veulent en savoir un maximum sur les Andes occidentales comme la vall\u00e9e et le canyon de Colca, qui est consid\u00e9r\u00e9 comme l&rsquo;un des plus profonds du monde, et le territoire du grand oiseau mythologique pour la culture andine, le condor.<\/p>\n<p><strong>JOUR 1.<\/strong> Notre tour commence \u00e0 7 heures du matin; nous passerons par la r\u00e9serve nationale de Salinas et Aguada Blanca, o\u00f9 nous pourrons voir des vigognes, des lamas, des alpagas. Puis nous continuerons jusqu&rsquo;au point culminant au-dessus de 4910 m\u00e8tres, le point de vue sur les volcans et une partie de la cha\u00eene de montagnes occidentale, puis nous descendons \u00e0 la ville de Chivay (3650 m\u00e8tres) pour le d\u00e9jeuner.<br \/>\nL&rsquo;apr\u00e8s-midi, promenade facultative. Nuit \u00e0 l&rsquo;h\u00f4tel.<\/p>\n<p><strong>JOUR 2.<\/strong>\u00a0 Apr\u00e8s un agr\u00e9able petit d\u00e9jeuner, il est temps de profiter du grand paysage des terrasses pr\u00e9-incas de la vall\u00e9e de Colca, en direction du pointe de vue \u201cLa Croix du Condor\u201d pour profiter du vol de ce majestueux oiseau des Andes. Puis nous retournerons \u00e0 la ville de Chivay pour le d\u00e9jeuner, avant de continuer le p\u00e9riple vers la ville de Puno (voyage de 6 \u00e0 7 heures) en appr\u00e9ciant le beau paysage du plateau avec quelques arr\u00eats en cours de route.<br \/>\nNuit \u00e0 l&rsquo;h\u00f4tel.<\/p>\n<p>Comprend: Transport priv\u00e9, guide, h\u00e9bergement, petit d\u00e9jeuner, bus de cat\u00e9gorie sup\u00e9rieure \u00e0 Puno. Prise en charge et transfert \u00e0 votre h\u00f4tel \u00e0 Puno.<br \/>\n[\/vc_column_text][vc_row_inner gap=\u00a0\u00bb5&Prime;][vc_column_inner offset=\u00a0\u00bbvc_hidden-lg vc_hidden-md vc_hidden-sm\u00a0\u00bb][vc_gallery type=\u00a0\u00bbimage_grid\u00a0\u00bb images=\u00a0\u00bb2502,3621,3615,3620,3618,3616,3619,4033,4032,4061&Prime; img_size=\u00a0\u00bbmedium\u00a0\u00bb onclick=\u00a0\u00bbcustom_link\u00a0\u00bb css_animation=\u00a0\u00bbfadeIn\u00a0\u00bb][\/vc_column_inner][\/vc_row_inner][\/vc_column][\/vc_row][vc_row][vc_column offset=\u00a0\u00bbvc_hidden-xs\u00a0\u00bb][vc_media_grid element_width=\u00a0\u00bb2&Prime; grid_id=\u00a0\u00bbvc_gid:1576851356006-00cebf75-09ac-5&Prime; include=\u00a0\u00bb2502,3615,3616,3618,3621,3619,3620,4032,4033,4061&Prime;][\/vc_column][\/vc_row][vc_row content_placement=\u00a0\u00bbmiddle\u00a0\u00bb][vc_column][vc_btn title=\u00a0\u00bbCOTIZAR\u00a0\u00bb color=\u00a0\u00bbdanger\u00a0\u00bb align=\u00a0\u00bbcenter\u00a0\u00bb css_animation=\u00a0\u00bbzoomInRight\u00a0\u00bb link=\u00a0\u00bburl:http%3A%2F%2Fbit.ly%2FAcuarelaTourPeru|||\u00a0\u00bb][\/vc_column][\/vc_row]","protected":false},"excerpt":{"rendered":"<p>[vc_row][vc_column][vc_column_text] AREQUIPA (AREQUIPA\/ COLCA\/ PUNO) \u2022 \u00a0Dur\u00e9e: 2 JOURS Ce tour est pour les voyageurs qui n&rsquo;ont pas beaucoup de temps, mais veulent en savoir un maximum sur les Andes&#8230;<\/p>\n","protected":false},"author":1,"featured_media":0,"parent":0,"menu_order":0,"comment_status":"closed","ping_status":"closed","template":"","meta":{"_acf_changed":false,"footnotes":""},"class_list":["post-3613","page","type-page","status-publish","hentry"],"acf":[],"_links":{"self":[{"href":"https:\/\/acuarelatourperu.com\/fr\/wp-json\/wp\/v2\/pages\/3613","targetHints":{"allow":["GET"]}}],"collection":[{"href":"https:\/\/acuarelatourperu.com\/fr\/wp-json\/wp\/v2\/pages"}],"about":[{"href":"https:\/\/acuarelatourperu.com\/fr\/wp-json\/wp\/v2\/types\/page"}],"author":[{"embeddable":true,"href":"https:\/\/acuarelatourperu.com\/fr\/wp-json\/wp\/v2\/users\/1"}],"replies":[{"embeddable":true,"href":"https:\/\/acuarelatourperu.com\/fr\/wp-json\/wp\/v2\/comments?post=3613"}],"version-history":[{"count":8,"href":"https:\/\/acuarelatourperu.com\/fr\/wp-json\/wp\/v2\/pages\/3613\/revisions"}],"predecessor-version":[{"id":4622,"href":"https:\/\/acuarelatourperu.com\/fr\/wp-json\/wp\/v2\/pages\/3613\/revisions\/4622"}],"wp:attachment":[{"href":"https:\/\/acuarelatourperu.com\/fr\/wp-json\/wp\/v2\/media?parent=3613"}],"curies":[{"name":"wp","href":"https:\/\/api.w.org\/{rel}","templated":true}]}}