{"id":3627,"date":"2019-07-24T18:27:42","date_gmt":"2019-07-24T18:27:42","guid":{"rendered":"http:\/\/www.acuarelatourperu.com\/?page_id=3627"},"modified":"2019-12-20T14:11:10","modified_gmt":"2019-12-20T14:11:10","slug":"arequipa-tradicional","status":"publish","type":"page","link":"https:\/\/acuarelatourperu.com\/fr\/arequipa-tradicional\/","title":{"rendered":"AREQUIPA TRADICIONAL"},"content":{"rendered":"[vc_row][vc_column][vc_column_text]\n<h2 style=\"text-align: center;\"><span style=\"color: #02aea9;\"> AREQUIPA TRADITIONNEL<\/span><\/h2>\n<p>\u2022 \u00a0<strong>Dur\u00e9e: <\/strong> 2 JOURS<\/p>\n<p>Arequipa Traditionnel, c&rsquo;est pour comprendre les habitants, leur style de vie et leur incroyable fusion de traditions. Suivre cette route, c&rsquo;est apprendre beaucoup de choses sur la r\u00e9alit\u00e9 locale et r\u00e9gionale, comme sa nourriture, son architecture m\u00e9tisse, ses produits et sa conservation.<\/p>\n<p><strong> 1er JOUR. TOUR DE LA CAMPAGNE \/ VISITE DE LA VILLE <\/strong><\/p>\n<p>Notre visite commence \u00e0 8 heures du matin en transport priv\u00e9 jusqu&rsquo;au belv\u00e9d\u00e8re de Sachaca, o\u00f9 vous pourrez voir les trois volcans qui entourent la ville, \u00e0 c\u00f4t\u00e9 des champs. Puis nous continuerons jusqu&rsquo;\u00e0 la maison du fondateur, une belle structure coloniale au milieu de champs verdoyants et enfin jusqu&rsquo;au magnifique moulin colonial de Sabandia, construit en 1621, qui est toujours en activit\u00e9. Une visite int\u00e9ressante de la campagne d&rsquo;Arequipa.<\/p>\n<p>Dans l&rsquo;apr\u00e8s-midi, une visite int\u00e9ressante nous attend avec le Monast\u00e8re de Santa Catalina qui est une ic\u00f4ne de la ville, puis nous irons jusqu\u2019\u00e0 la superbe place centrale de la ville (\u201cPlaza de Armas\u201d), et enfin nous terminerons notre journee au mus\u00e9e de la momie Juanita. Cet itin\u00e9raire fusionne le pr\u00e9hispanique avec l&rsquo;hispanique, ce qui nous aidera \u00e0 vraiment connaitre les origines de cette ville patrimoniale.<br \/>\nNuit \u00e0 l&rsquo;h\u00f4tel.<\/p>\n<p><strong> 2e JOUR: CARRI\u00c8RES DE PIERRE VOLCANIQUE \/ COURS DE CUISINE<\/strong><\/p>\n<p>Aujourd&rsquo;hui nous commen\u00e7erons \u00e0 7h du matin pour visiter les carri\u00e8res de pierre volcanique (\u201cpierre volcanique\u201d) et ainsi pouvoir comprendre l\u2019origine monuments de la ville, et observer les carriers qui continuent \u00e0 travailler la pierre d&rsquo;une mani\u00e8re tr\u00e8s artisanale. Ce que les volcans ont laiss\u00e9 derri\u00e8re eux, l&rsquo;homme le transforme en art avec ses mains.<\/p>\n<p>Ensuite, nous irons au march\u00e9 de San Camilo pour voir la grande vari\u00e9t\u00e9 de produits locaux et pour choisir nos ingr\u00e9dients pour la pr\u00e9paration d&rsquo;un plat traditionnel du coin. Ce sera une belle (et bien s\u00fbr d\u00e9licieuse!) exp\u00e9rience.<\/p>\n<p>Nuit \u00e0 l&rsquo;h\u00f4tel.<\/p>\n<p>Inclus: Transport, guide officiel, h\u00f4tel, billets, d\u00e9jeuner du deuxi\u00e8me jour.[\/vc_column_text][vc_row_inner gap=\u00a0\u00bb5&Prime;][vc_column_inner offset=\u00a0\u00bbvc_hidden-lg vc_hidden-md vc_hidden-sm\u00a0\u00bb][vc_gallery type=\u00a0\u00bbimage_grid\u00a0\u00bb images=\u00a0\u00bb2506,3634,3631,3637,3636,3633,3632,3630,3639,3638,4019,4018&Prime; img_size=\u00a0\u00bbmedium\u00a0\u00bb onclick=\u00a0\u00bbcustom_link\u00a0\u00bb css_animation=\u00a0\u00bbfadeIn\u00a0\u00bb][\/vc_column_inner][\/vc_row_inner][\/vc_column][\/vc_row][vc_row][vc_column][vc_media_grid element_width=\u00a0\u00bb2&Prime; grid_id=\u00a0\u00bbvc_gid:1576851026330-c0b82d6d-dfe5-6&Prime; include=\u00a0\u00bb3634,3630,2506,3637,3631,3632,3633,3636,3638,3639,4018,4019&Prime;][\/vc_column][\/vc_row][vc_row content_placement=\u00a0\u00bbmiddle\u00a0\u00bb][vc_column][vc_btn title=\u00a0\u00bbCOTIZAR\u00a0\u00bb color=\u00a0\u00bbdanger\u00a0\u00bb align=\u00a0\u00bbcenter\u00a0\u00bb css_animation=\u00a0\u00bbzoomInRight\u00a0\u00bb link=\u00a0\u00bburl:http%3A%2F%2Fbit.ly%2FAcuarelaTourPeru|||\u00a0\u00bb][\/vc_column][\/vc_row]","protected":false},"excerpt":{"rendered":"<p>[vc_row][vc_column][vc_column_text] AREQUIPA TRADITIONNEL \u2022 \u00a0Dur\u00e9e: 2 JOURS Arequipa Traditionnel, c&rsquo;est pour comprendre les habitants, leur style de vie et leur incroyable fusion de traditions. Suivre cette route, c&rsquo;est apprendre beaucoup&#8230;<\/p>\n","protected":false},"author":1,"featured_media":0,"parent":0,"menu_order":0,"comment_status":"closed","ping_status":"closed","template":"","meta":{"_acf_changed":false,"footnotes":""},"class_list":["post-3627","page","type-page","status-publish","hentry"],"acf":[],"_links":{"self":[{"href":"https:\/\/acuarelatourperu.com\/fr\/wp-json\/wp\/v2\/pages\/3627","targetHints":{"allow":["GET"]}}],"collection":[{"href":"https:\/\/acuarelatourperu.com\/fr\/wp-json\/wp\/v2\/pages"}],"about":[{"href":"https:\/\/acuarelatourperu.com\/fr\/wp-json\/wp\/v2\/types\/page"}],"author":[{"embeddable":true,"href":"https:\/\/acuarelatourperu.com\/fr\/wp-json\/wp\/v2\/users\/1"}],"replies":[{"embeddable":true,"href":"https:\/\/acuarelatourperu.com\/fr\/wp-json\/wp\/v2\/comments?post=3627"}],"version-history":[{"count":11,"href":"https:\/\/acuarelatourperu.com\/fr\/wp-json\/wp\/v2\/pages\/3627\/revisions"}],"predecessor-version":[{"id":4620,"href":"https:\/\/acuarelatourperu.com\/fr\/wp-json\/wp\/v2\/pages\/3627\/revisions\/4620"}],"wp:attachment":[{"href":"https:\/\/acuarelatourperu.com\/fr\/wp-json\/wp\/v2\/media?parent=3627"}],"curies":[{"name":"wp","href":"https:\/\/api.w.org\/{rel}","templated":true}]}}