{"id":3644,"date":"2019-07-24T19:09:48","date_gmt":"2019-07-24T19:09:48","guid":{"rendered":"http:\/\/www.acuarelatourperu.com\/?page_id=3644"},"modified":"2019-12-20T14:13:37","modified_gmt":"2019-12-20T14:13:37","slug":"petroglifos-de-toro-muerto","status":"publish","type":"page","link":"https:\/\/acuarelatourperu.com\/fr\/petroglifos-de-toro-muerto\/","title":{"rendered":"PETROGLIFOS DE TORO MUERTO"},"content":{"rendered":"[vc_row][vc_column][vc_column_text]\n<h1 style=\"text-align: center;\"><span style=\"color: #02aea9;\"> P\u00c9TROGLYPHES DE TORO MUERTO<\/span><\/h1>\n<p>\u2022 \u00a0<strong>Dur\u00e9e: <\/strong> 2 JOURS<\/p>\n<p>Apr\u00e8s le petit d\u00e9jeuner, d\u00e9part vers la vall\u00e9e de Majes! Vous d\u00e9couvrirez les paysages d\u00e9sertiques insolites de la c\u00f4te p\u00e9ruvienne et ses vall\u00e9es oasiennes. Apr\u00e8s environ 2h30 de voyage, visite du site arch\u00e9ologique de Toro Muerto, o\u00f9 des milliers de figures sont grav\u00e9es sur la pierre depuis l&rsquo;\u00e9poque pr\u00e9hispanique. Un d\u00e9licieux d\u00e9jeuner nous attend apr\u00e8s la visite. Apr\u00e8s-midi libre, nuit dans une ferme rurale.<\/p>\n<p>Nous visiterons ensuite les empreintes de dinosaures (Querullpa), ainsi qu&rsquo;une cave \u00e0 vin o\u00f9 le pisco, l&rsquo;alcool national du P\u00e9rou, est distill\u00e9. D\u00e9jeuner typique \u00e0 base de crevettes. Puis retour \u00e0 Arequipa.<br \/>\nNuit \u00e0 l&rsquo;h\u00f4tel.<\/p>\n<p>Comprend: Transport priv\u00e9, guide, d\u00e9jeuner (premier jour), h\u00e9bergement, d\u00eener, petit d\u00e9jeuner, billets.<br \/>\n[\/vc_column_text][vc_row_inner gap=\u00a0\u00bb5&Prime;][vc_column_inner offset=\u00a0\u00bbvc_hidden-lg vc_hidden-md vc_hidden-sm\u00a0\u00bb][vc_gallery type=\u00a0\u00bbimage_grid\u00a0\u00bb images=\u00a0\u00bb3652,4025,3651,3650,4027,3649,4026,3647,3646,3648&Prime; img_size=\u00a0\u00bbmedium\u00a0\u00bb onclick=\u00a0\u00bbcustom_link\u00a0\u00bb css_animation=\u00a0\u00bbfadeIn\u00a0\u00bb][\/vc_column_inner][\/vc_row_inner][\/vc_column][\/vc_row][vc_row][vc_column offset=\u00a0\u00bbvc_hidden-xs\u00a0\u00bb][vc_media_grid element_width=\u00a0\u00bb2&Prime; grid_id=\u00a0\u00bbvc_gid:1576851166374-0357179a-495d-7&Prime; include=\u00a0\u00bb3646,4026,3647,3649,4025,3650,4027,3651,3652,3648&Prime;][\/vc_column][\/vc_row][vc_row content_placement=\u00a0\u00bbmiddle\u00a0\u00bb][vc_column][vc_btn title=\u00a0\u00bbCOTIZAR\u00a0\u00bb color=\u00a0\u00bbdanger\u00a0\u00bb align=\u00a0\u00bbcenter\u00a0\u00bb css_animation=\u00a0\u00bbzoomInRight\u00a0\u00bb link=\u00a0\u00bburl:http%3A%2F%2Fbit.ly%2FAcuarelaTourPeru|||\u00a0\u00bb][\/vc_column][\/vc_row]","protected":false},"excerpt":{"rendered":"<p>[vc_row][vc_column][vc_column_text] P\u00c9TROGLYPHES DE TORO MUERTO \u2022 \u00a0Dur\u00e9e: 2 JOURS Apr\u00e8s le petit d\u00e9jeuner, d\u00e9part vers la vall\u00e9e de Majes! Vous d\u00e9couvrirez les paysages d\u00e9sertiques insolites de la c\u00f4te p\u00e9ruvienne et&#8230;<\/p>\n","protected":false},"author":1,"featured_media":0,"parent":0,"menu_order":0,"comment_status":"closed","ping_status":"closed","template":"","meta":{"_acf_changed":false,"footnotes":""},"class_list":["post-3644","page","type-page","status-publish","hentry"],"acf":[],"_links":{"self":[{"href":"https:\/\/acuarelatourperu.com\/fr\/wp-json\/wp\/v2\/pages\/3644","targetHints":{"allow":["GET"]}}],"collection":[{"href":"https:\/\/acuarelatourperu.com\/fr\/wp-json\/wp\/v2\/pages"}],"about":[{"href":"https:\/\/acuarelatourperu.com\/fr\/wp-json\/wp\/v2\/types\/page"}],"author":[{"embeddable":true,"href":"https:\/\/acuarelatourperu.com\/fr\/wp-json\/wp\/v2\/users\/1"}],"replies":[{"embeddable":true,"href":"https:\/\/acuarelatourperu.com\/fr\/wp-json\/wp\/v2\/comments?post=3644"}],"version-history":[{"count":9,"href":"https:\/\/acuarelatourperu.com\/fr\/wp-json\/wp\/v2\/pages\/3644\/revisions"}],"predecessor-version":[{"id":4621,"href":"https:\/\/acuarelatourperu.com\/fr\/wp-json\/wp\/v2\/pages\/3644\/revisions\/4621"}],"wp:attachment":[{"href":"https:\/\/acuarelatourperu.com\/fr\/wp-json\/wp\/v2\/media?parent=3644"}],"curies":[{"name":"wp","href":"https:\/\/api.w.org\/{rel}","templated":true}]}}