{"id":4330,"date":"2019-09-09T15:52:14","date_gmt":"2019-09-09T15:52:14","guid":{"rendered":"http:\/\/www.acuarelatourperu.com\/?page_id=4330"},"modified":"2019-09-15T20:03:30","modified_gmt":"2019-09-15T20:03:30","slug":"por-que-viajar-a-bolivia","status":"publish","type":"page","link":"https:\/\/acuarelatourperu.com\/fr\/por-que-viajar-a-bolivia\/","title":{"rendered":"Pourquoi voyager en Bolivie ?"},"content":{"rendered":"[vc_row][vc_column][vc_column_text]\n<h1 class=\"Cuerpo\" style=\"text-align: center;\"><span style=\"color: #02aea9;\">Pourquoi voyager en <b>Bolivie?<\/b><\/span><\/h1>\n<p>La Bolivie est une destination pour les voyageurs aventureux qui recherchent une rencontre avec une nature surr\u00e9aliste: la for\u00eat tropicale, le plateau andin avec ses d\u00e9serts, les c\u00f4nes volcaniques qui s&rsquo;\u00e9l\u00e8vent \u00e0 plus de 4000 m\u00e8tres, les lagons color\u00e9s peupl\u00e9s de flamants roses et les plus grandes salines de la plan\u00e8te\u2026 un pays absolument epoustoufflant \u00e0 proximit\u00e9.<\/p>\n<p>Voici quelques raisons \u00e9tonnantes pour lesquelles vous devez absolument decouvrir la Bolivie:<span class=\"Apple-converted-space\">\u00a0<\/span><\/p>\n<ol>\n<li>La Bolivie fait preuve d\u2019une incroyable nature qui propose une vari\u00e9t\u00e9 de paysages tels que le Salar de Uyuni, les lagons rouges, les sommets enneig\u00e9s de la Cordillera Real et la jungle luxuriante avec sa culture Yunga.<\/li>\n<li>Des lieux \u00e0 l&rsquo;histoire fascinante comme Potosi avec sa mine exploit\u00e9e du XVIe si\u00e8cle \u00e0 nos jours, la ville de Sucre, d\u00e9clar\u00e9e patrimoine et l&rsquo;int\u00e9ressante culture Tiwahuanaco.<\/li>\n<li>L&rsquo;Altiplano, plateau andin partag\u00e9 entre quatre pays (P\u00e9rou, Bolivie, Chili et Argentine), merveilleux lieu d\u2019origine de la pomme de terre et des animaux comme le lama et l&rsquo;alpaga.<span class=\"Apple-converted-space\">\u00a0<\/span><\/li>\n<\/ol>\n[\/vc_column_text][\/vc_column][\/vc_row][vc_row][vc_column][vc_empty_space][\/vc_column][\/vc_row][vc_row][vc_column offset=\u00a0\u00bbvc_hidden-lg vc_hidden-md vc_hidden-sm\u00a0\u00bb][vc_gallery type=\u00a0\u00bbimage_grid\u00a0\u00bb images=\u00a0\u00bb4336,4335,4334,4377,4373,4376,4375,4374,4481,4480,4479,4478,4477,4461,4462,4463,4472,4471,4470,4469,4468,4467,4476,4475,4474,4473,4464,4465,4466&Prime; img_size=\u00a0\u00bbmedium\u00a0\u00bb][\/vc_column][\/vc_row][vc_row][vc_column offset=\u00a0\u00bbvc_hidden-xs\u00a0\u00bb][vc_media_grid element_width=\u00a0\u00bb2&Prime; item=\u00a0\u00bb4491&Prime; grid_id=\u00a0\u00bbvc_gid:1568577735030-2e6f03e6-95ba-6&Prime; include=\u00a0\u00bb4334,4335,4336,4373,4374,4376,4375,4377,4461,4462,4463,4464,4465,4466,4467,4468,4469,4470,4471,4472,4473,4474,4475,4476,4477,4478,4479,4480,4481&Prime;][\/vc_column][\/vc_row]","protected":false},"excerpt":{"rendered":"<p>[vc_row][vc_column][vc_column_text] Pourquoi voyager en Bolivie? La Bolivie est une destination pour les voyageurs aventureux qui recherchent une rencontre avec une nature surr\u00e9aliste: la for\u00eat tropicale, le plateau andin avec ses&#8230;<\/p>\n","protected":false},"author":1,"featured_media":0,"parent":0,"menu_order":0,"comment_status":"closed","ping_status":"closed","template":"","meta":{"_acf_changed":false,"footnotes":""},"class_list":["post-4330","page","type-page","status-publish","hentry"],"acf":[],"_links":{"self":[{"href":"https:\/\/acuarelatourperu.com\/fr\/wp-json\/wp\/v2\/pages\/4330","targetHints":{"allow":["GET"]}}],"collection":[{"href":"https:\/\/acuarelatourperu.com\/fr\/wp-json\/wp\/v2\/pages"}],"about":[{"href":"https:\/\/acuarelatourperu.com\/fr\/wp-json\/wp\/v2\/types\/page"}],"author":[{"embeddable":true,"href":"https:\/\/acuarelatourperu.com\/fr\/wp-json\/wp\/v2\/users\/1"}],"replies":[{"embeddable":true,"href":"https:\/\/acuarelatourperu.com\/fr\/wp-json\/wp\/v2\/comments?post=4330"}],"version-history":[{"count":18,"href":"https:\/\/acuarelatourperu.com\/fr\/wp-json\/wp\/v2\/pages\/4330\/revisions"}],"predecessor-version":[{"id":4512,"href":"https:\/\/acuarelatourperu.com\/fr\/wp-json\/wp\/v2\/pages\/4330\/revisions\/4512"}],"wp:attachment":[{"href":"https:\/\/acuarelatourperu.com\/fr\/wp-json\/wp\/v2\/media?parent=4330"}],"curies":[{"name":"wp","href":"https:\/\/api.w.org\/{rel}","templated":true}]}}