{"id":4340,"date":"2019-09-09T16:20:07","date_gmt":"2019-09-09T16:20:07","guid":{"rendered":"http:\/\/www.acuarelatourperu.com\/?page_id=4340"},"modified":"2019-09-15T19:59:57","modified_gmt":"2019-09-15T19:59:57","slug":"porque-viajar-a-peru","status":"publish","type":"page","link":"https:\/\/acuarelatourperu.com\/fr\/porque-viajar-a-peru\/","title":{"rendered":"Pourquoi voyager au P\u00e9rou?"},"content":{"rendered":"[vc_row][vc_column][vc_column_text]\n<h1 class=\"Cuerpo\" style=\"text-align: center;\"><span style=\"color: #02aea9;\">Pourquoi voyager au P\u00e9rou?<\/span><\/h1>\n<p>Plus que le Machu Picchu, l&rsquo;une des merveilles du monde, le P\u00e9rou poss\u00e8de une grande diversit\u00e9 de paysages qui justifient ce beau voyage, ainsi que d&rsquo;autres raisons qui devraient vous inciter \u00e0 visiter ce pays \u00e9tonnant.<\/p>\n<p><strong>Il y a six raisons principales de visiter le P\u00e9rou :<\/strong><\/p>\n<ol>\n<li>Une g\u00e9ographie extraordinaire, accompagn\u00e9e de contrastes vari\u00e9s allant du d\u00e9sert c\u00f4tier du Pacifique, et du plateau andin \u00e0 la for\u00eat amazonienne.<\/li>\n<li>Un grand patrimoine arch\u00e9ologique qui nous fait r\u00eaver depuis notre enfance, la d\u00e9couverte des Incas et des grandes civilisations comme les Nazcas avec leurs lignes \u00e9normes et myst\u00e9rieuses; les orf\u00e8vres Mochica et Chim\u00fa ; puis la c\u00f4te du Nord, les Chachapoyas avec leur incroyable sercophages et la culture Chav\u00edn avec ses celebres t\u00eates enchass\u00e9es.&nbsp;<\/li>\n<li>La culture andine fait preuve d\u2019une identit\u00e9 forte, encore pratiqu\u00e9e et pr\u00e9serv\u00e9e par la population, dont le mode de vie et la vision du monde surprennent souvent les voyageurs.<span class=\"Apple-converted-space\">\u00a0 <\/span>Vous en garderez sans aucun doute un souvenir imp\u00e9rissable.<\/li>\n<li>La gentillesse, la simplicit\u00e9 et le charisme du P\u00e9ruvien envers ses visiteurs se font sentir d\u00e8s le premier instant, ce qui marque la diff\u00e9rence avec les autres cultures du monde. Les visiteurs qui repartent du Perou emportent toujours avec eux de superbes et chaleureux souvenirs.<\/li>\n<li>Les surprenantes villes coloniales avec leurs titres de Patrimoine Mondial de l&rsquo;Humanit\u00e9 d\u00e9clar\u00e9s par l&rsquo;UNESCO comme par exemple Lima, capitale de la vice-royaut\u00e9 du P\u00e9rou; Arequipa, ville blanche au pied des trois volcans marquant son style espagnol et Cusco, capitale de l&rsquo;Empire Inca, o\u00f9 se c\u00f4toient le patrimoine colonial du pays et sa culture inca.<\/li>\n<li>La grande vari\u00e9t\u00e9 de plats, de saveurs et d&rsquo;ar\u00f4mes en a fait l&rsquo;un des symboles de l&rsquo;identit\u00e9 du pays et un embl\u00e8me de sa croissance \u00e9conomique.<\/li>\n<\/ol>\n[\/vc_column_text][\/vc_column][\/vc_row][vc_row][vc_column][vc_empty_space][\/vc_column][\/vc_row][vc_row][vc_column offset=\u00a0\u00bbvc_hidden-lg vc_hidden-md vc_hidden-sm\u00a0\u00bb][vc_gallery type=\u00a0\u00bbimage_grid\u00a0\u00bb images=\u00a0\u00bb4369,4367,4366,4365,4364,4363,4362,4352,4343,4344,4354,4345,4346,4355,4347,4348,4357,4358,4350,4359,4360,4351,4342,4353,4361,4368,4494,4496,4498,4500&Prime; img_size=\u00a0\u00bbmedium\u00a0\u00bb][\/vc_column][\/vc_row][vc_row][vc_column offset=\u00a0\u00bbvc_hidden-xs\u00a0\u00bb][vc_media_grid element_width=\u00a0\u00bb2&Prime; grid_id=\u00a0\u00bbvc_gid:1568577497738-1b3c1706-cb58-6&Prime; include=\u00a0\u00bb4342,4343,4344,4345,4346,4347,4348,4350,4496,4351,4352,4353,4354,4355,4357,4358,4359,4360,4361,4362,4363,4364,4365,4366,4367,4368,4369,4494,4498,4500&Prime;][\/vc_column][\/vc_row]","protected":false},"excerpt":{"rendered":"<p>[vc_row][vc_column][vc_column_text] Pourquoi voyager au P\u00e9rou? Plus que le Machu Picchu, l&rsquo;une des merveilles du monde, le P\u00e9rou poss\u00e8de une grande diversit\u00e9 de paysages qui justifient ce beau voyage, ainsi que&#8230;<\/p>\n","protected":false},"author":1,"featured_media":0,"parent":0,"menu_order":0,"comment_status":"closed","ping_status":"closed","template":"","meta":{"_acf_changed":false,"footnotes":""},"class_list":["post-4340","page","type-page","status-publish","hentry"],"acf":[],"_links":{"self":[{"href":"https:\/\/acuarelatourperu.com\/fr\/wp-json\/wp\/v2\/pages\/4340","targetHints":{"allow":["GET"]}}],"collection":[{"href":"https:\/\/acuarelatourperu.com\/fr\/wp-json\/wp\/v2\/pages"}],"about":[{"href":"https:\/\/acuarelatourperu.com\/fr\/wp-json\/wp\/v2\/types\/page"}],"author":[{"embeddable":true,"href":"https:\/\/acuarelatourperu.com\/fr\/wp-json\/wp\/v2\/users\/1"}],"replies":[{"embeddable":true,"href":"https:\/\/acuarelatourperu.com\/fr\/wp-json\/wp\/v2\/comments?post=4340"}],"version-history":[{"count":8,"href":"https:\/\/acuarelatourperu.com\/fr\/wp-json\/wp\/v2\/pages\/4340\/revisions"}],"predecessor-version":[{"id":4511,"href":"https:\/\/acuarelatourperu.com\/fr\/wp-json\/wp\/v2\/pages\/4340\/revisions\/4511"}],"wp:attachment":[{"href":"https:\/\/acuarelatourperu.com\/fr\/wp-json\/wp\/v2\/media?parent=4340"}],"curies":[{"name":"wp","href":"https:\/\/api.w.org\/{rel}","templated":true}]}}